{"id":106,"date":"2024-08-20T09:22:32","date_gmt":"2024-08-20T09:22:32","guid":{"rendered":"https:\/\/ztp-technik.idesign.mk\/?page_id=106"},"modified":"2024-09-09T10:47:52","modified_gmt":"2024-09-09T10:47:52","slug":"referenzen","status":"publish","type":"page","link":"https:\/\/ztp-elektrotechnik.de\/en\/wir-uber-uns\/referenzen\/","title":{"rendered":"REFERENZEN"},"content":{"rendered":"<div data-elementor-type=\"wp-page\" data-elementor-id=\"106\" class=\"elementor elementor-106\" data-elementor-settings=\"{&quot;element_pack_global_tooltip_width&quot;:{&quot;unit&quot;:&quot;px&quot;,&quot;size&quot;:&quot;&quot;,&quot;sizes&quot;:[]},&quot;element_pack_global_tooltip_width_tablet&quot;:{&quot;unit&quot;:&quot;px&quot;,&quot;size&quot;:&quot;&quot;,&quot;sizes&quot;:[]},&quot;element_pack_global_tooltip_width_mobile&quot;:{&quot;unit&quot;:&quot;px&quot;,&quot;size&quot;:&quot;&quot;,&quot;sizes&quot;:[]},&quot;element_pack_global_tooltip_padding&quot;:{&quot;unit&quot;:&quot;px&quot;,&quot;top&quot;:&quot;&quot;,&quot;right&quot;:&quot;&quot;,&quot;bottom&quot;:&quot;&quot;,&quot;left&quot;:&quot;&quot;,&quot;isLinked&quot;:true},&quot;element_pack_global_tooltip_padding_tablet&quot;:{&quot;unit&quot;:&quot;px&quot;,&quot;top&quot;:&quot;&quot;,&quot;right&quot;:&quot;&quot;,&quot;bottom&quot;:&quot;&quot;,&quot;left&quot;:&quot;&quot;,&quot;isLinked&quot;:true},&quot;element_pack_global_tooltip_padding_mobile&quot;:{&quot;unit&quot;:&quot;px&quot;,&quot;top&quot;:&quot;&quot;,&quot;right&quot;:&quot;&quot;,&quot;bottom&quot;:&quot;&quot;,&quot;left&quot;:&quot;&quot;,&quot;isLinked&quot;:true},&quot;element_pack_global_tooltip_border_radius&quot;:{&quot;unit&quot;:&quot;px&quot;,&quot;top&quot;:&quot;&quot;,&quot;right&quot;:&quot;&quot;,&quot;bottom&quot;:&quot;&quot;,&quot;left&quot;:&quot;&quot;,&quot;isLinked&quot;:true},&quot;element_pack_global_tooltip_border_radius_tablet&quot;:{&quot;unit&quot;:&quot;px&quot;,&quot;top&quot;:&quot;&quot;,&quot;right&quot;:&quot;&quot;,&quot;bottom&quot;:&quot;&quot;,&quot;left&quot;:&quot;&quot;,&quot;isLinked&quot;:true},&quot;element_pack_global_tooltip_border_radius_mobile&quot;:{&quot;unit&quot;:&quot;px&quot;,&quot;top&quot;:&quot;&quot;,&quot;right&quot;:&quot;&quot;,&quot;bottom&quot;:&quot;&quot;,&quot;left&quot;:&quot;&quot;,&quot;isLinked&quot;:true}}\" data-elementor-post-type=\"page\">\n\t\t\t\t<div class=\"elementor-element elementor-element-e7b76e2 e-flex e-con-boxed e-con e-parent\" data-id=\"e7b76e2\" data-element_type=\"container\" data-e-type=\"container\" data-settings=\"{&quot;background_background&quot;:&quot;classic&quot;}\">\n\t\t\t\t\t<div class=\"e-con-inner\">\n\t\t<div class=\"elementor-element elementor-element-52b589b e-con-full e-flex e-con e-child\" data-id=\"52b589b\" data-element_type=\"container\" data-e-type=\"container\">\n\t\t<div class=\"elementor-element elementor-element-d066c0c e-flex e-con-boxed e-con e-child\" data-id=\"d066c0c\" data-element_type=\"container\" data-e-type=\"container\">\n\t\t\t\t\t<div class=\"e-con-inner\">\n\t\t\t\t<div class=\"elementor-element elementor-element-adf1d45 elementor-widget elementor-widget-heading\" data-id=\"adf1d45\" data-element_type=\"widget\" data-e-type=\"widget\" data-widget_type=\"heading.default\">\n\t\t\t\t<div class=\"elementor-widget-container\">\n\t\t\t\t\t<h1 class=\"elementor-heading-title elementor-size-default\">REFERENZEN<\/h1>\t\t\t\t<\/div>\n\t\t\t\t<\/div>\n\t\t\t\t\t<\/div>\n\t\t\t\t<\/div>\n\t\t\t\t<\/div>\n\t\t\t\t\t<\/div>\n\t\t\t\t<\/div>\n\t\t<div class=\"elementor-element elementor-element-c941526 e-con-full e-flex e-con e-child\" data-id=\"c941526\" data-element_type=\"container\" data-e-type=\"container\">\n\t\t<div class=\"elementor-element elementor-element-14a32b1 e-flex e-con-boxed e-con e-child\" data-id=\"14a32b1\" data-element_type=\"container\" data-e-type=\"container\">\n\t\t\t\t\t<div class=\"e-con-inner\">\n\t\t\t\t<div class=\"elementor-element elementor-element-af64e9d elementor-invisible elementor-widget elementor-widget-heading\" data-id=\"af64e9d\" data-element_type=\"widget\" data-e-type=\"widget\" data-settings=\"{&quot;_animation&quot;:&quot;fadeInUp&quot;}\" data-widget_type=\"heading.default\">\n\t\t\t\t<div class=\"elementor-widget-container\">\n\t\t\t\t\t<h3 class=\"elementor-heading-title elementor-size-default\">ZTP Technik GmbH - Referenz Projektliste (2018-2024)<\/h3>\t\t\t\t<\/div>\n\t\t\t\t<\/div>\n\t\t\t\t<div class=\"elementor-element elementor-element-760566f elementor-widget elementor-widget-text-editor\" data-id=\"760566f\" data-element_type=\"widget\" data-e-type=\"widget\" data-widget_type=\"text-editor.default\">\n\t\t\t\t<div class=\"elementor-widget-container\">\n\t\t\t\t\t\t\t\t\t<p><\/p>\n<ul>\n<li><strong> Marien-Krankenhaus GmbH, Werdener Str. 3, 40878 Ratingen<\/strong> &#8211; BMA Verkabelung und Anschl\u00fcsse.<\/li>\n<li><strong>Hydro Aluminium Rolled Products GmbH, Aluminiumstra\u00dfe 1, 41515 Grevenbroich<\/strong> &#8211; Stark Strom.<\/li>\n<li><strong>Ikea , Josef-Reiert-Stra\u00dfe 9, 69190 Walldorf<\/strong> <em>&#8211; <\/em>Komplette El. Installation Stark und Schwach Strom.<\/li>\n<li><strong>AVG Ressourcen GmbH, Geestem\u00fcnder Str. 20, 50735 K\u00f6ln<\/strong> &#8211; Komplette El.Installation Stark und Schwach Strom.<\/li>\n<li><strong>Vodafone Campus, Ferdinand-Braun-Platz 1, 40549 D\u00fcsseldorf<\/strong>&#8211; Stark Strom<\/li>\n<li><strong>Amazon DHE1 Raunheim AMZL, Tiberstra\u00dfe, 65479 Raunheim<\/strong> &#8211; Komplette El.Installation Stark und Schwach Strom.<\/li>\n<li><strong>Peek &amp; Cloppenburg, Louisenstra\u00dfe 21-23, 61348 Bad Homburg vor der H\u00f6he <\/strong>&#8211; Komplette El. Installation Stark und Schwach Strom.<\/li>\n<li><strong>Moses Bottrop GmbH, Hansastra\u00dfe 7, 46236 Bottrop<\/strong> &#8211; Komplette El. Installation Stark und Schwach Strom.<\/li>\n<li><strong>Pierburg GmbH, Alfred-Pierburg-Stra\u00dfe 1, 41460 Neuss<\/strong>, Komplette El. Installation Stark und Schwach Strom<\/li>\n<li><strong>Peek &amp; Cloppenburg, K\u00f6lner Str. 69-81, 53840 Troisdorf<\/strong> -Komplette El.Installation Stark und Schwach Strom.<\/li>\n<li><strong>Peek &amp; Cloppenburg, Friedrichstra\u00dfe 34, 65185 Wiesbaden<\/strong>-Komplette El.Installation Stark und Schwach Strom.<\/li>\n<li><strong>Interxion D\u00fcsseldorf, In der Steele 29, 40599 D\u00fcsseldorf<\/strong> &#8211; Komplette El. Installation Stark und Schwach Strom.<\/li>\n<li><strong>Bundes Bank Hauptverwaltung , Berliner Allee 14, 40212 D\u00fcsseldorf<\/strong>&#8211; Komplette El. Installation Stark und Schwach Strom.<\/li>\n<li><strong>Win Win Medienhafen, Spedition Stra\u00dfe 6-8, 40221 D\u00fcsseldorf<\/strong> &#8211; Komplette El. Installation Stark und Schwach Strom.<\/li>\n<li><strong>Netgo Unternehmensgruppe GmbH, Landwehr 103-105, 46325 Borken<\/strong> &#8211; Komplette El. Installation Stark und Schwach Strom.<\/li>\n<li><strong>Bauhof Stadt Willich, Siemenring. 13, 47877 Willich, <\/strong>Komplette El. Installation Stark und Schwach Strom.<\/li>\n<li><strong>Wilo SE, Nortkirchenstra\u00dfe 100, 44263 Dortmund, <\/strong>BMA Verkabelung und Anschl\u00fcsse<\/li>\n<li><strong>Covestro Folien Fabrik &#8211; Bayer CHEMPARK Geb\u00e4ude G9 ( Tor 1) , 41538 Dormagen, <\/strong>BMA Verkabelung und Anschl\u00fcsse.<\/li>\n<li><strong>Fahreraufenthnaltsraum Hbf Essen, Am Hauptbahnhof 25, 45127 Essen, <\/strong>Komplette El. Installation Stark und Schwach Strom.<\/li>\n<li><strong>Freizeitbad DINamare, Am Stradtbad 7, 46537 Dinslaken,<\/strong> Komplette El. Installation Stark und Schwach Strom.<\/li>\n<li><strong>Wohnquartier Arcadia-H\u00f6fe , Selbecker Str.22, 40472 D\u00fcsseldorf, <\/strong>Komplette El. Installation Stark und Schwach Strom.<\/li>\n<\/ul>\n<p><strong>&nbsp; &nbsp; &nbsp; &nbsp; &nbsp; \u00d6ttinger Brauerei, Senefelderstra\u00dfe 29, 41066 M\u00f6nchengladbach, <\/strong>BMA Verkabelung und Anschl\u00fcsse.<\/p>\n<ul>\n<li><strong>Universit\u00e4tsklinikum Essen &#8211; Hufelandstra\u00dfe 55, 45147 Essen<\/strong>, BMA Verkabelung und Anschl\u00fcsse.<\/li>\n<li><strong>Neubau EK401 Campus Factory, Erkrather Stra\u00dfe 401, 40231 D\u00fcsseldorf<\/strong>, Komplette El. Installation Stark und Schwach Strom.<\/li>\n<li><strong>PGC Universit\u00e4t Dortmund, Otto-Hahn-Str. 6a, 44227 Dortmund<\/strong>, Komplette El. Installation Stark und Schwach Strom.<\/li>\n<li><strong>Alexianer Krankenhaus, Oberdie\u00dfemer Str. 81, 47805 Krefeld, <\/strong>BMA Verkabelung und Anschl\u00fcsse.<\/li>\n<li><strong>Lager und B\u00fcrofl\u00e4chen_Gebaude S, Duisburger Stra\u00dfe 375, 46049 Oberhausen, <\/strong>Komplette El. Installation Stark und Schwach Strom.<\/li>\n<li><strong>B\u00fcrogebaude, Moskauer Stra\u00dfe 19, 40227 D\u00fcsseldorf, <\/strong>Komplette El. Installation Stark und Schwach Strom.<\/li>\n<li><strong>Aglukon Lagerneubau, Heerdter Landstra\u00dfe 199<\/strong>, 40549 D\u00fcsseldorf, Komplette El. Installation Stark und Schwach Strom.<\/li>\n<\/ul>\n<p><\/p>\n<p><\/p>\n<p><\/p>\n<p><\/p>\n<ul><li><strong>Teekanne , Kevelaerer Str. 21, 40549 D\u00fcsseldorf, <\/strong>Komplette El. Installation Stark und Schwach Strom.<\/li>\n<li><strong>WILO -SE Factory, Nortkirchenstra\u00dfe 100,44263 Dortmund<\/strong>, Komplette El. Installation Stark und Schwach Strom.<\/li>\n<li><strong>Justizvollzugsanstalt Wuppertal Vohwinkel Sanierung Bestandsgeb\u00e4ude Hafthaus A, Simonsh\u00f6fchen 26, 42327 Wuppertal,<\/strong> Komplette El. Installation Stark und Schwach Strom.<\/li>\n<li><strong>Berufskolleg Ost -Allbauweg 5, 45138 Essen, <\/strong>Komplette El. Installation Stark und Schwach Strom.<\/li>\n<li><strong>Maxfrei &#8211; Ulmer H\u00f6he, Baufeld 1 und 2a , Ulmenstrasse 96,<\/strong> 40476 D\u00fcsseldorf, BMA Verkabelung und Anschl\u00fcsse.<\/li>\n<li><strong>Trium, An der Jahrhunderthalle 1, 44793 Bochum,<\/strong> Komplette El. Installation Stark und Schwach Strom.<\/li>\n<li><strong>POL \u2013 EN, Zentralgeb\u00e4udes der Polizei, Str\u00fcckerberger Str. 32, 58256 Ennepetal,<\/strong> Komplette El. Installation Stark Strom<\/li>\n<li><strong>KRS Essen (Siemens Niederlassung),<\/strong> <strong>Kruppstra\u00dfe 16, 45128 Essen<\/strong>, Komplette El.Installation Stark und Schwach Strom.<\/li>\n<li><strong>Flughafen D\u00fcsseldorf, Baufeld neue Feuerwache, Tor 36, Frachstr.18, 40474 D\u00fcsseldorf<\/strong> &#8211; BMA Verkabelung und Anschl\u00fcsse<\/li>\n<\/ul>\t\t\t\t\t\t\t\t<\/div>\n\t\t\t\t<\/div>\n\t\t\t\t\t<\/div>\n\t\t\t\t<\/div>\n\t\t\t\t<\/div>\n\t\t\t\t<\/div>","protected":false},"excerpt":{"rendered":"<p>ZTP Technik GmbH &#8211; Referenz Projektliste (2018-2024) Marien-Krankenhaus GmbH, Werdener Str. 3, 40878 Ratingen &#8211; BMA Verkabelung und Anschl\u00fcsse. Hydro Aluminium Rolled Products GmbH, Aluminiumstra\u00dfe 1, 41515 Grevenbroich &#8211; Stark Strom. Ikea , Josef-Reiert-Stra\u00dfe 9, 69190 Walldorf &#8211; Komplette El. Installation Stark und Schwach Strom. AVG Ressourcen GmbH, Geestem\u00fcnder Str. 20, 50735 K\u00f6ln &#8211; Komplette [&hellip;]<\/p>\n","protected":false},"author":1,"featured_media":551,"parent":91,"menu_order":0,"comment_status":"closed","ping_status":"closed","template":"elementor_header_footer","meta":{"footnotes":""},"class_list":["post-106","page","type-page","status-publish","has-post-thumbnail","hentry"],"_links":{"self":[{"href":"https:\/\/ztp-elektrotechnik.de\/en\/wp-json\/wp\/v2\/pages\/106","targetHints":{"allow":["GET"]}}],"collection":[{"href":"https:\/\/ztp-elektrotechnik.de\/en\/wp-json\/wp\/v2\/pages"}],"about":[{"href":"https:\/\/ztp-elektrotechnik.de\/en\/wp-json\/wp\/v2\/types\/page"}],"author":[{"embeddable":true,"href":"https:\/\/ztp-elektrotechnik.de\/en\/wp-json\/wp\/v2\/users\/1"}],"replies":[{"embeddable":true,"href":"https:\/\/ztp-elektrotechnik.de\/en\/wp-json\/wp\/v2\/comments?post=106"}],"version-history":[{"count":0,"href":"https:\/\/ztp-elektrotechnik.de\/en\/wp-json\/wp\/v2\/pages\/106\/revisions"}],"up":[{"embeddable":true,"href":"https:\/\/ztp-elektrotechnik.de\/en\/wp-json\/wp\/v2\/pages\/91"}],"wp:featuredmedia":[{"embeddable":true,"href":"https:\/\/ztp-elektrotechnik.de\/en\/wp-json\/wp\/v2\/media\/551"}],"wp:attachment":[{"href":"https:\/\/ztp-elektrotechnik.de\/en\/wp-json\/wp\/v2\/media?parent=106"}],"curies":[{"name":"wp","href":"https:\/\/api.w.org\/{rel}","templated":true}]}}