{"id":114,"date":"2024-08-20T09:42:07","date_gmt":"2024-08-20T09:42:07","guid":{"rendered":"https:\/\/ztp-technik.idesign.mk\/?page_id=114"},"modified":"2024-08-30T11:35:19","modified_gmt":"2024-08-30T11:35:19","slug":"planung","status":"publish","type":"page","link":"https:\/\/ztp-elektrotechnik.de\/en\/leistungen\/elektroinstallation\/planung\/","title":{"rendered":"PLANNING"},"content":{"rendered":"<div data-elementor-type=\"wp-page\" data-elementor-id=\"114\" class=\"elementor elementor-114\" data-elementor-settings=\"{&quot;element_pack_global_tooltip_width&quot;:{&quot;unit&quot;:&quot;px&quot;,&quot;size&quot;:&quot;&quot;,&quot;sizes&quot;:[]},&quot;element_pack_global_tooltip_width_tablet&quot;:{&quot;unit&quot;:&quot;px&quot;,&quot;size&quot;:&quot;&quot;,&quot;sizes&quot;:[]},&quot;element_pack_global_tooltip_width_mobile&quot;:{&quot;unit&quot;:&quot;px&quot;,&quot;size&quot;:&quot;&quot;,&quot;sizes&quot;:[]},&quot;element_pack_global_tooltip_padding&quot;:{&quot;unit&quot;:&quot;px&quot;,&quot;top&quot;:&quot;&quot;,&quot;right&quot;:&quot;&quot;,&quot;bottom&quot;:&quot;&quot;,&quot;left&quot;:&quot;&quot;,&quot;isLinked&quot;:true},&quot;element_pack_global_tooltip_padding_tablet&quot;:{&quot;unit&quot;:&quot;px&quot;,&quot;top&quot;:&quot;&quot;,&quot;right&quot;:&quot;&quot;,&quot;bottom&quot;:&quot;&quot;,&quot;left&quot;:&quot;&quot;,&quot;isLinked&quot;:true},&quot;element_pack_global_tooltip_padding_mobile&quot;:{&quot;unit&quot;:&quot;px&quot;,&quot;top&quot;:&quot;&quot;,&quot;right&quot;:&quot;&quot;,&quot;bottom&quot;:&quot;&quot;,&quot;left&quot;:&quot;&quot;,&quot;isLinked&quot;:true},&quot;element_pack_global_tooltip_border_radius&quot;:{&quot;unit&quot;:&quot;px&quot;,&quot;top&quot;:&quot;&quot;,&quot;right&quot;:&quot;&quot;,&quot;bottom&quot;:&quot;&quot;,&quot;left&quot;:&quot;&quot;,&quot;isLinked&quot;:true},&quot;element_pack_global_tooltip_border_radius_tablet&quot;:{&quot;unit&quot;:&quot;px&quot;,&quot;top&quot;:&quot;&quot;,&quot;right&quot;:&quot;&quot;,&quot;bottom&quot;:&quot;&quot;,&quot;left&quot;:&quot;&quot;,&quot;isLinked&quot;:true},&quot;element_pack_global_tooltip_border_radius_mobile&quot;:{&quot;unit&quot;:&quot;px&quot;,&quot;top&quot;:&quot;&quot;,&quot;right&quot;:&quot;&quot;,&quot;bottom&quot;:&quot;&quot;,&quot;left&quot;:&quot;&quot;,&quot;isLinked&quot;:true}}\" data-elementor-post-type=\"page\">\n\t\t\t\t<div class=\"elementor-element elementor-element-5102a0e e-flex e-con-boxed e-con e-parent\" data-id=\"5102a0e\" data-element_type=\"container\" data-e-type=\"container\">\n\t\t\t\t\t<div class=\"e-con-inner\">\n\t\t<div class=\"elementor-element elementor-element-8543307 e-con-full e-flex e-con e-child\" data-id=\"8543307\" data-element_type=\"container\" data-e-type=\"container\">\n\t\t<div class=\"elementor-element elementor-element-ecd4a1c e-con-full e-flex e-con e-child\" data-id=\"ecd4a1c\" data-element_type=\"container\" data-e-type=\"container\">\n\t\t<div class=\"elementor-element elementor-element-9e01773 e-con-full e-flex e-con e-child\" data-id=\"9e01773\" data-element_type=\"container\" data-e-type=\"container\">\n\t\t\t\t<div class=\"elementor-element elementor-element-5de52a5 elementor-widget elementor-widget-image\" data-id=\"5de52a5\" data-element_type=\"widget\" data-e-type=\"widget\" data-widget_type=\"image.default\">\n\t\t\t\t<div class=\"elementor-widget-container\">\n\t\t\t\t\t\t\t\t\t\t\t\t\t\t\t<img fetchpriority=\"high\" decoding=\"async\" width=\"600\" height=\"800\" src=\"https:\/\/ztp-elektrotechnik.de\/wp-content\/uploads\/2024\/08\/1-4.jpg\" class=\"elementor-animation-hang attachment-large size-large wp-image-726\" alt=\"\" srcset=\"https:\/\/ztp-elektrotechnik.de\/wp-content\/uploads\/2024\/08\/1-4.jpg 600w, https:\/\/ztp-elektrotechnik.de\/wp-content\/uploads\/2024\/08\/1-4-225x300.jpg 225w, https:\/\/ztp-elektrotechnik.de\/wp-content\/uploads\/2024\/08\/1-4-9x12.jpg 9w\" sizes=\"(max-width: 600px) 100vw, 600px\" \/>\t\t\t\t\t\t\t\t\t\t\t\t\t\t\t<\/div>\n\t\t\t\t<\/div>\n\t\t\t\t<\/div>\n\t\t<div class=\"elementor-element elementor-element-e6ff0e4 e-con-full e-flex e-con e-child\" data-id=\"e6ff0e4\" data-element_type=\"container\" data-e-type=\"container\" data-settings=\"{&quot;background_background&quot;:&quot;classic&quot;}\">\n\t\t\t\t<div class=\"elementor-element elementor-element-0228477 elementor-widget elementor-widget-heading\" data-id=\"0228477\" data-element_type=\"widget\" data-e-type=\"widget\" data-widget_type=\"heading.default\">\n\t\t\t\t<div class=\"elementor-widget-container\">\n\t\t\t\t\t<h3 class=\"elementor-heading-title elementor-size-default\">For a high level of living comfort: carefully plan the electrical installation<\/h3>\t\t\t\t<\/div>\n\t\t\t\t<\/div>\n\t\t\t\t<div class=\"elementor-element elementor-element-585d6b7 elementor-widget elementor-widget-text-editor\" data-id=\"585d6b7\" data-element_type=\"widget\" data-e-type=\"widget\" data-widget_type=\"text-editor.default\">\n\t\t\t\t<div class=\"elementor-widget-container\">\n\t\t\t\t\t\t\t\t\t<p>Electric current plays a very important role in daily life. Electrically operated lights are essential for a high level of living comfort, for example. In addition, electricity is the basis for the use of various entertainment and communication devices. In addition, it makes housework much easier - for example by allowing the washing machine, a tumble dryer and various kitchen appliances to be operated. Careful planning of the electrical installation is very important in order to benefit from a high level of safety and optimum ease of use.<\/p>\t\t\t\t\t\t\t\t<\/div>\n\t\t\t\t<\/div>\n\t\t\t\t<\/div>\n\t\t\t\t<\/div>\n\t\t\t\t<\/div>\n\t\t\t\t\t<\/div>\n\t\t\t\t<\/div>\n\t\t<div class=\"elementor-element elementor-element-d176c2b e-flex e-con-boxed e-con e-parent\" data-id=\"d176c2b\" data-element_type=\"container\" data-e-type=\"container\" data-settings=\"{&quot;background_background&quot;:&quot;classic&quot;}\">\n\t\t\t\t\t<div class=\"e-con-inner\">\n\t\t<div class=\"elementor-element elementor-element-006f8e0 e-con-full e-flex e-con e-child\" data-id=\"006f8e0\" data-element_type=\"container\" data-e-type=\"container\">\n\t\t\t\t<div class=\"elementor-element elementor-element-a57fddc elementor-widget elementor-widget-heading\" data-id=\"a57fddc\" data-element_type=\"widget\" data-e-type=\"widget\" data-widget_type=\"heading.default\">\n\t\t\t\t<div class=\"elementor-widget-container\">\n\t\t\t\t\t<h3 class=\"elementor-heading-title elementor-size-default\">What details need to be considered when planning the installation?<\/h3>\t\t\t\t<\/div>\n\t\t\t\t<\/div>\n\t\t\t\t<div class=\"elementor-element elementor-element-413ae67 elementor-widget elementor-widget-text-editor\" data-id=\"413ae67\" data-element_type=\"widget\" data-e-type=\"widget\" data-widget_type=\"text-editor.default\">\n\t\t\t\t<div class=\"elementor-widget-container\">\n\t\t\t\t\t\t\t\t\t<p>When planning the electrical installation in your home, you have to pay attention to many different details. The installations do not only include sockets, lights and electrical cables. In addition, you have to consider communication lines, antenna cables and many other aspects.<\/p>\t\t\t\t\t\t\t\t<\/div>\n\t\t\t\t<\/div>\n\t\t\t\t<div class=\"elementor-element elementor-element-d32bdf1 elementor-widget elementor-widget-heading\" data-id=\"d32bdf1\" data-element_type=\"widget\" data-e-type=\"widget\" data-widget_type=\"heading.default\">\n\t\t\t\t<div class=\"elementor-widget-container\">\n\t\t\t\t\t<h2 class=\"elementor-heading-title elementor-size-default\">Sockets<\/h2>\t\t\t\t<\/div>\n\t\t\t\t<\/div>\n\t\t\t\t<div class=\"elementor-element elementor-element-6de5ba8 elementor-widget elementor-widget-text-editor\" data-id=\"6de5ba8\" data-element_type=\"widget\" data-e-type=\"widget\" data-widget_type=\"text-editor.default\">\n\t\t\t\t<div class=\"elementor-widget-container\">\n\t\t\t\t\t\t\t\t\t<p>Installing a sufficient number of sockets is of great importance. The number of electrical appliances that can be found in the average household has increased significantly over the past few decades. In order to supply all devices with power, it is necessary to take this aspect into account when planning. In addition, it is important to think about the optimal location of the sockets.<\/p>\t\t\t\t\t\t\t\t<\/div>\n\t\t\t\t<\/div>\n\t\t\t\t<div class=\"elementor-element elementor-element-cc81e71 elementor-widget elementor-widget-heading\" data-id=\"cc81e71\" data-element_type=\"widget\" data-e-type=\"widget\" data-widget_type=\"heading.default\">\n\t\t\t\t<div class=\"elementor-widget-container\">\n\t\t\t\t\t<h2 class=\"elementor-heading-title elementor-size-default\">Light switches and lights<\/h2>\t\t\t\t<\/div>\n\t\t\t\t<\/div>\n\t\t\t\t<div class=\"elementor-element elementor-element-cb5ba56 elementor-widget elementor-widget-text-editor\" data-id=\"cb5ba56\" data-element_type=\"widget\" data-e-type=\"widget\" data-widget_type=\"text-editor.default\">\n\t\t\t\t<div class=\"elementor-widget-container\">\n\t\t\t\t\t\t\t\t\t<p>When planning the electrical installation, it is also of great importance to pay attention to the lighting. It is necessary to mount the lights in the room in such a way that they ensure optimal illumination. The position of the switches is also very important to ensure easy operation.<\/p>\t\t\t\t\t\t\t\t<\/div>\n\t\t\t\t<\/div>\n\t\t\t\t<div class=\"elementor-element elementor-element-13c254f elementor-widget elementor-widget-heading\" data-id=\"13c254f\" data-element_type=\"widget\" data-e-type=\"widget\" data-widget_type=\"heading.default\">\n\t\t\t\t<div class=\"elementor-widget-container\">\n\t\t\t\t\t<h2 class=\"elementor-heading-title elementor-size-default\">Telephone connections<\/h2>\t\t\t\t<\/div>\n\t\t\t\t<\/div>\n\t\t\t\t<div class=\"elementor-element elementor-element-498508a elementor-widget elementor-widget-text-editor\" data-id=\"498508a\" data-element_type=\"widget\" data-e-type=\"widget\" data-widget_type=\"text-editor.default\">\n\t\t\t\t<div class=\"elementor-widget-container\">\n\t\t\t\t\t\t\t\t\t<p>The telephone is an important communication tool. In addition, the telephone connection is used in many households to connect to the Internet. It is therefore important to also consider the telephone lines when planning.<\/p>\t\t\t\t\t\t\t\t<\/div>\n\t\t\t\t<\/div>\n\t\t\t\t<div class=\"elementor-element elementor-element-ad42cb5 elementor-widget elementor-widget-heading\" data-id=\"ad42cb5\" data-element_type=\"widget\" data-e-type=\"widget\" data-widget_type=\"heading.default\">\n\t\t\t\t<div class=\"elementor-widget-container\">\n\t\t\t\t\t<h2 class=\"elementor-heading-title elementor-size-default\">Antenna sockets and cable connection<\/h2>\t\t\t\t<\/div>\n\t\t\t\t<\/div>\n\t\t\t\t<div class=\"elementor-element elementor-element-b2921b8 elementor-widget elementor-widget-text-editor\" data-id=\"b2921b8\" data-element_type=\"widget\" data-e-type=\"widget\" data-widget_type=\"text-editor.default\">\n\t\t\t\t<div class=\"elementor-widget-container\">\n\t\t\t\t\t\t\t\t\t<p>The television set is of great importance for obtaining information and for spending free time. In order to receive a station, however, it is necessary to transmit the signals from the antenna or the cable connection to the location where the TV set is set up. It is therefore necessary to think about where you want to set it up and then to install the appropriate cables and antenna sockets.<\/p>\t\t\t\t\t\t\t\t<\/div>\n\t\t\t\t<\/div>\n\t\t\t\t<div class=\"elementor-element elementor-element-0269147 elementor-widget elementor-widget-heading\" data-id=\"0269147\" data-element_type=\"widget\" data-e-type=\"widget\" data-widget_type=\"heading.default\">\n\t\t\t\t<div class=\"elementor-widget-container\">\n\t\t\t\t\t<h2 class=\"elementor-heading-title elementor-size-default\">Speakers, networks and other details of the installations<\/h2>\t\t\t\t<\/div>\n\t\t\t\t<\/div>\n\t\t\t\t<div class=\"elementor-element elementor-element-2281e1f elementor-widget elementor-widget-text-editor\" data-id=\"2281e1f\" data-element_type=\"widget\" data-e-type=\"widget\" data-widget_type=\"text-editor.default\">\n\t\t\t\t<div class=\"elementor-widget-container\">\n\t\t\t\t\t\t\t\t\t<p>Depending on the requirements in your household, additional cables and connections are necessary. For example, if you want to avoid tripping over speaker cables, you can route them in the wall. The same applies to wired networks and various other lines.<\/p>\t\t\t\t\t\t\t\t<\/div>\n\t\t\t\t<\/div>\n\t\t\t\t<\/div>\n\t\t<div class=\"elementor-element elementor-element-4fa55b1 e-con-full e-flex elementor-invisible e-con e-child\" data-id=\"4fa55b1\" data-element_type=\"container\" data-e-type=\"container\" data-settings=\"{&quot;background_background&quot;:&quot;classic&quot;,&quot;animation&quot;:&quot;fadeIn&quot;}\">\n\t\t\t\t<div class=\"elementor-element elementor-element-8143b92 elementor-widget elementor-widget-spacer\" data-id=\"8143b92\" data-element_type=\"widget\" data-e-type=\"widget\" data-widget_type=\"spacer.default\">\n\t\t\t\t<div class=\"elementor-widget-container\">\n\t\t\t\t\t\t\t<div class=\"elementor-spacer\">\n\t\t\t<div class=\"elementor-spacer-inner\"><\/div>\n\t\t<\/div>\n\t\t\t\t\t\t<\/div>\n\t\t\t\t<\/div>\n\t\t\t\t<\/div>\n\t\t\t\t\t<\/div>\n\t\t\t\t<\/div>\n\t\t<div class=\"elementor-element elementor-element-a1d47fc e-flex e-con-boxed e-con e-parent\" data-id=\"a1d47fc\" data-element_type=\"container\" data-e-type=\"container\">\n\t\t\t\t\t<div class=\"e-con-inner\">\n\t\t<div class=\"elementor-element elementor-element-8c77039 e-con-full e-flex e-con e-child\" data-id=\"8c77039\" data-element_type=\"container\" data-e-type=\"container\">\n\t\t<div class=\"elementor-element elementor-element-c9e7a52 e-con-full e-flex e-con e-child\" data-id=\"c9e7a52\" data-element_type=\"container\" data-e-type=\"container\">\n\t\t<div class=\"elementor-element elementor-element-810dcff e-con-full e-flex e-con e-child\" data-id=\"810dcff\" data-element_type=\"container\" data-e-type=\"container\">\n\t\t\t\t<div class=\"elementor-element elementor-element-228982d elementor-widget elementor-widget-image\" data-id=\"228982d\" data-element_type=\"widget\" data-e-type=\"widget\" data-widget_type=\"image.default\">\n\t\t\t\t<div class=\"elementor-widget-container\">\n\t\t\t\t\t\t\t\t\t\t\t\t\t\t\t<img decoding=\"async\" width=\"800\" height=\"727\" src=\"https:\/\/ztp-elektrotechnik.de\/wp-content\/uploads\/2024\/08\/electrical-engineer-working-in-control-room-8VSD5HU-e1724169996346-1024x931.jpg\" class=\"elementor-animation-hang attachment-large size-large wp-image-302\" alt=\"\" srcset=\"https:\/\/ztp-elektrotechnik.de\/wp-content\/uploads\/2024\/08\/electrical-engineer-working-in-control-room-8VSD5HU-e1724169996346-1024x931.jpg 1024w, https:\/\/ztp-elektrotechnik.de\/wp-content\/uploads\/2024\/08\/electrical-engineer-working-in-control-room-8VSD5HU-e1724169996346-300x273.jpg 300w, https:\/\/ztp-elektrotechnik.de\/wp-content\/uploads\/2024\/08\/electrical-engineer-working-in-control-room-8VSD5HU-e1724169996346-768x698.jpg 768w, https:\/\/ztp-elektrotechnik.de\/wp-content\/uploads\/2024\/08\/electrical-engineer-working-in-control-room-8VSD5HU-e1724169996346.jpg 1056w\" sizes=\"(max-width: 800px) 100vw, 800px\" \/>\t\t\t\t\t\t\t\t\t\t\t\t\t\t\t<\/div>\n\t\t\t\t<\/div>\n\t\t\t\t<\/div>\n\t\t<div class=\"elementor-element elementor-element-fd53f4b e-con-full e-flex e-con e-child\" data-id=\"fd53f4b\" data-element_type=\"container\" data-e-type=\"container\" data-settings=\"{&quot;background_background&quot;:&quot;classic&quot;}\">\n\t\t\t\t<div class=\"elementor-element elementor-element-2ac3ade elementor-widget elementor-widget-heading\" data-id=\"2ac3ade\" data-element_type=\"widget\" data-e-type=\"widget\" data-widget_type=\"heading.default\">\n\t\t\t\t<div class=\"elementor-widget-container\">\n\t\t\t\t\t<h3 class=\"elementor-heading-title elementor-size-default\">Future-proof planning of the electrical installation<\/h3>\t\t\t\t<\/div>\n\t\t\t\t<\/div>\n\t\t\t\t<div class=\"elementor-element elementor-element-e6133e6 elementor-widget elementor-widget-text-editor\" data-id=\"e6133e6\" data-element_type=\"widget\" data-e-type=\"widget\" data-widget_type=\"text-editor.default\">\n\t\t\t\t<div class=\"elementor-widget-container\">\n\t\t\t\t\t\t\t\t\t<p>When planning the electrical installation, it is important not only to pay attention to the present. In addition, you should consider possible future developments. For example, it makes sense to plan the number of power connections generously in order to be able to use additional electrical devices. It is also advisable to plan a possible change in the use of a room. If, for example, you are converting a bedroom into a home office in a few years, you will need completely different connections. If you take this into account during installation, the redesign will be much easier.<\/p>\t\t\t\t\t\t\t\t<\/div>\n\t\t\t\t<\/div>\n\t\t\t\t<\/div>\n\t\t\t\t<\/div>\n\t\t<div class=\"elementor-element elementor-element-8c775c8 e-con-full e-flex e-con e-child\" data-id=\"8c775c8\" data-element_type=\"container\" data-e-type=\"container\">\n\t\t<div class=\"elementor-element elementor-element-e3f8251 e-con-full e-flex e-con e-child\" data-id=\"e3f8251\" data-element_type=\"container\" data-e-type=\"container\" data-settings=\"{&quot;background_background&quot;:&quot;classic&quot;}\">\n\t\t\t\t<div class=\"elementor-element elementor-element-711b4a3 elementor-widget elementor-widget-heading\" data-id=\"711b4a3\" data-element_type=\"widget\" data-e-type=\"widget\" data-widget_type=\"heading.default\">\n\t\t\t\t<div class=\"elementor-widget-container\">\n\t\t\t\t\t<h3 class=\"elementor-heading-title elementor-size-default\">Professional planning by your electronics shop<\/h3>\t\t\t\t<\/div>\n\t\t\t\t<\/div>\n\t\t\t\t<div class=\"elementor-element elementor-element-3050694 elementor-widget elementor-widget-text-editor\" data-id=\"3050694\" data-element_type=\"widget\" data-e-type=\"widget\" data-widget_type=\"text-editor.default\">\n\t\t\t\t<div class=\"elementor-widget-container\">\n\t\t\t\t\t\t\t\t\t<p>A lot of experience is required to know where to place lights, switches and cables. It therefore makes sense to seek professional help for this task. In our specialist shop, we are happy to take care of the planning of the electrical installation in your home.<\/p>\t\t\t\t\t\t\t\t<\/div>\n\t\t\t\t<\/div>\n\t\t\t\t<\/div>\n\t\t<div class=\"elementor-element elementor-element-adcef1d e-con-full e-flex e-con e-child\" data-id=\"adcef1d\" data-element_type=\"container\" data-e-type=\"container\">\n\t\t\t\t<div class=\"elementor-element elementor-element-35b26b5 elementor-widget elementor-widget-image\" data-id=\"35b26b5\" data-element_type=\"widget\" data-e-type=\"widget\" data-widget_type=\"image.default\">\n\t\t\t\t<div class=\"elementor-widget-container\">\n\t\t\t\t\t\t\t\t\t\t\t\t\t\t\t<img decoding=\"async\" width=\"800\" height=\"563\" src=\"https:\/\/ztp-elektrotechnik.de\/wp-content\/uploads\/2024\/08\/man-wearing-yellow-hard-hat-is-inspecting-electricity-wire-e1724170090709-1024x721.jpg\" class=\"elementor-animation-hang attachment-large size-large wp-image-315\" alt=\"\" srcset=\"https:\/\/ztp-elektrotechnik.de\/wp-content\/uploads\/2024\/08\/man-wearing-yellow-hard-hat-is-inspecting-electricity-wire-e1724170090709-1024x721.jpg 1024w, https:\/\/ztp-elektrotechnik.de\/wp-content\/uploads\/2024\/08\/man-wearing-yellow-hard-hat-is-inspecting-electricity-wire-e1724170090709-300x211.jpg 300w, https:\/\/ztp-elektrotechnik.de\/wp-content\/uploads\/2024\/08\/man-wearing-yellow-hard-hat-is-inspecting-electricity-wire-e1724170090709-768x541.jpg 768w, https:\/\/ztp-elektrotechnik.de\/wp-content\/uploads\/2024\/08\/man-wearing-yellow-hard-hat-is-inspecting-electricity-wire-e1724170090709.jpg 1298w\" sizes=\"(max-width: 800px) 100vw, 800px\" \/>\t\t\t\t\t\t\t\t\t\t\t\t\t\t\t<\/div>\n\t\t\t\t<\/div>\n\t\t\t\t<\/div>\n\t\t\t\t<\/div>\n\t\t\t\t<\/div>\n\t\t\t\t\t<\/div>\n\t\t\t\t<\/div>\n\t\t\t\t<\/div>","protected":false},"excerpt":{"rendered":"<p>F\u00fcr einen hohen Wohnkomfort: die Elektro\u00adinstallation sorgf\u00e4ltig planen Der elektrische Strom spielt f\u00fcr das t\u00e4gliche Leben eine sehr wichtige Rolle. Elektrisch betriebene Leuchten sind f\u00fcr einen hohen Wohnkomfort beispielsweise unverzichtbar. Au\u00dferdem stellt der elektrische Strom die Grundlage f\u00fcr die Nutzung verschiedener Unterhaltungs- und Kommunikationsger\u00e4te dar. Dar\u00fcber hinaus gestaltet er die Hausarbeit deutlich einfacher \u2013 beispielsweise [&hellip;]<\/p>\n","protected":false},"author":1,"featured_media":205,"parent":110,"menu_order":0,"comment_status":"closed","ping_status":"closed","template":"","meta":{"footnotes":""},"class_list":["post-114","page","type-page","status-publish","has-post-thumbnail","hentry"],"_links":{"self":[{"href":"https:\/\/ztp-elektrotechnik.de\/en\/wp-json\/wp\/v2\/pages\/114","targetHints":{"allow":["GET"]}}],"collection":[{"href":"https:\/\/ztp-elektrotechnik.de\/en\/wp-json\/wp\/v2\/pages"}],"about":[{"href":"https:\/\/ztp-elektrotechnik.de\/en\/wp-json\/wp\/v2\/types\/page"}],"author":[{"embeddable":true,"href":"https:\/\/ztp-elektrotechnik.de\/en\/wp-json\/wp\/v2\/users\/1"}],"replies":[{"embeddable":true,"href":"https:\/\/ztp-elektrotechnik.de\/en\/wp-json\/wp\/v2\/comments?post=114"}],"version-history":[{"count":0,"href":"https:\/\/ztp-elektrotechnik.de\/en\/wp-json\/wp\/v2\/pages\/114\/revisions"}],"up":[{"embeddable":true,"href":"https:\/\/ztp-elektrotechnik.de\/en\/wp-json\/wp\/v2\/pages\/110"}],"wp:featuredmedia":[{"embeddable":true,"href":"https:\/\/ztp-elektrotechnik.de\/en\/wp-json\/wp\/v2\/media\/205"}],"wp:attachment":[{"href":"https:\/\/ztp-elektrotechnik.de\/en\/wp-json\/wp\/v2\/media?parent=114"}],"curies":[{"name":"wp","href":"https:\/\/api.w.org\/{rel}","templated":true}]}}