{"id":119,"date":"2024-08-20T09:42:53","date_gmt":"2024-08-20T09:42:53","guid":{"rendered":"https:\/\/ztp-technik.idesign.mk\/?page_id=119"},"modified":"2024-08-20T16:37:59","modified_gmt":"2024-08-20T16:37:59","slug":"garagentorantrieb","status":"publish","type":"page","link":"https:\/\/ztp-elektrotechnik.de\/en\/leistungen\/elektroinstallation\/garagentorantrieb\/","title":{"rendered":"GARAGE DOOR OPERATOR"},"content":{"rendered":"<div data-elementor-type=\"wp-page\" data-elementor-id=\"119\" class=\"elementor elementor-119\" data-elementor-settings=\"{&quot;element_pack_global_tooltip_width&quot;:{&quot;unit&quot;:&quot;px&quot;,&quot;size&quot;:&quot;&quot;,&quot;sizes&quot;:[]},&quot;element_pack_global_tooltip_width_tablet&quot;:{&quot;unit&quot;:&quot;px&quot;,&quot;size&quot;:&quot;&quot;,&quot;sizes&quot;:[]},&quot;element_pack_global_tooltip_width_mobile&quot;:{&quot;unit&quot;:&quot;px&quot;,&quot;size&quot;:&quot;&quot;,&quot;sizes&quot;:[]},&quot;element_pack_global_tooltip_padding&quot;:{&quot;unit&quot;:&quot;px&quot;,&quot;top&quot;:&quot;&quot;,&quot;right&quot;:&quot;&quot;,&quot;bottom&quot;:&quot;&quot;,&quot;left&quot;:&quot;&quot;,&quot;isLinked&quot;:true},&quot;element_pack_global_tooltip_padding_tablet&quot;:{&quot;unit&quot;:&quot;px&quot;,&quot;top&quot;:&quot;&quot;,&quot;right&quot;:&quot;&quot;,&quot;bottom&quot;:&quot;&quot;,&quot;left&quot;:&quot;&quot;,&quot;isLinked&quot;:true},&quot;element_pack_global_tooltip_padding_mobile&quot;:{&quot;unit&quot;:&quot;px&quot;,&quot;top&quot;:&quot;&quot;,&quot;right&quot;:&quot;&quot;,&quot;bottom&quot;:&quot;&quot;,&quot;left&quot;:&quot;&quot;,&quot;isLinked&quot;:true},&quot;element_pack_global_tooltip_border_radius&quot;:{&quot;unit&quot;:&quot;px&quot;,&quot;top&quot;:&quot;&quot;,&quot;right&quot;:&quot;&quot;,&quot;bottom&quot;:&quot;&quot;,&quot;left&quot;:&quot;&quot;,&quot;isLinked&quot;:true},&quot;element_pack_global_tooltip_border_radius_tablet&quot;:{&quot;unit&quot;:&quot;px&quot;,&quot;top&quot;:&quot;&quot;,&quot;right&quot;:&quot;&quot;,&quot;bottom&quot;:&quot;&quot;,&quot;left&quot;:&quot;&quot;,&quot;isLinked&quot;:true},&quot;element_pack_global_tooltip_border_radius_mobile&quot;:{&quot;unit&quot;:&quot;px&quot;,&quot;top&quot;:&quot;&quot;,&quot;right&quot;:&quot;&quot;,&quot;bottom&quot;:&quot;&quot;,&quot;left&quot;:&quot;&quot;,&quot;isLinked&quot;:true}}\" data-elementor-post-type=\"page\">\n\t\t\t\t<div class=\"elementor-element elementor-element-3b8d93c e-flex e-con-boxed e-con e-parent\" data-id=\"3b8d93c\" data-element_type=\"container\" data-e-type=\"container\">\n\t\t\t\t\t<div class=\"e-con-inner\">\n\t\t<div class=\"elementor-element elementor-element-9eb508c e-con-full e-flex e-con e-child\" data-id=\"9eb508c\" data-element_type=\"container\" data-e-type=\"container\">\n\t\t<div class=\"elementor-element elementor-element-dc09bcf e-con-full e-flex e-con e-child\" data-id=\"dc09bcf\" data-element_type=\"container\" data-e-type=\"container\">\n\t\t<div class=\"elementor-element elementor-element-c9f64f1 e-con-full e-flex e-con e-child\" data-id=\"c9f64f1\" data-element_type=\"container\" data-e-type=\"container\">\n\t\t\t\t<div class=\"elementor-element elementor-element-d87c159 elementor-widget elementor-widget-image\" data-id=\"d87c159\" data-element_type=\"widget\" data-e-type=\"widget\" data-widget_type=\"image.default\">\n\t\t\t\t<div class=\"elementor-widget-container\">\n\t\t\t\t\t\t\t\t\t\t\t\t\t\t\t<img fetchpriority=\"high\" decoding=\"async\" width=\"750\" height=\"750\" src=\"https:\/\/ztp-elektrotechnik.de\/wp-content\/uploads\/2024\/08\/DI-TOP-3.jpg\" class=\"elementor-animation-hang attachment-large size-large wp-image-346\" alt=\"\" srcset=\"https:\/\/ztp-elektrotechnik.de\/wp-content\/uploads\/2024\/08\/DI-TOP-3.jpg 750w, https:\/\/ztp-elektrotechnik.de\/wp-content\/uploads\/2024\/08\/DI-TOP-3-300x300.jpg 300w, https:\/\/ztp-elektrotechnik.de\/wp-content\/uploads\/2024\/08\/DI-TOP-3-150x150.jpg 150w\" sizes=\"(max-width: 750px) 100vw, 750px\" \/>\t\t\t\t\t\t\t\t\t\t\t\t\t\t\t<\/div>\n\t\t\t\t<\/div>\n\t\t\t\t<\/div>\n\t\t<div class=\"elementor-element elementor-element-dffa799 e-con-full e-flex e-con e-child\" data-id=\"dffa799\" data-element_type=\"container\" data-e-type=\"container\" data-settings=\"{&quot;background_background&quot;:&quot;classic&quot;}\">\n\t\t\t\t<div class=\"elementor-element elementor-element-aa18db5 elementor-widget elementor-widget-heading\" data-id=\"aa18db5\" data-element_type=\"widget\" data-e-type=\"widget\" data-widget_type=\"heading.default\">\n\t\t\t\t<div class=\"elementor-widget-container\">\n\t\t\t\t\t<h3 class=\"elementor-heading-title elementor-size-default\">More security and convenience with a garage door operator<\/h3>\t\t\t\t<\/div>\n\t\t\t\t<\/div>\n\t\t\t\t<div class=\"elementor-element elementor-element-e991db3 elementor-widget elementor-widget-text-editor\" data-id=\"e991db3\" data-element_type=\"widget\" data-e-type=\"widget\" data-widget_type=\"text-editor.default\">\n\t\t\t\t<div class=\"elementor-widget-container\">\n\t\t\t\t\t\t\t\t\t<p>When you come home by car, it is very annoying to park the car, get out and open the garage door by hand. You enjoy significantly greater convenience if you use an electric garage door operator. This is equipped with a remote control that you can always take with you in the car. One push of a button is enough to open the gate. In addition, the electric door drives are characterized by excellent protection against break-ins.<\/p>\t\t\t\t\t\t\t\t<\/div>\n\t\t\t\t<\/div>\n\t\t\t\t<\/div>\n\t\t\t\t<\/div>\n\t\t\t\t<\/div>\n\t\t\t\t\t<\/div>\n\t\t\t\t<\/div>\n\t\t<div class=\"elementor-element elementor-element-ef97497 e-flex e-con-boxed e-con e-parent\" data-id=\"ef97497\" data-element_type=\"container\" data-e-type=\"container\" data-settings=\"{&quot;background_background&quot;:&quot;classic&quot;}\">\n\t\t\t\t\t<div class=\"e-con-inner\">\n\t\t<div class=\"elementor-element elementor-element-0fa8d4e e-con-full e-flex e-con e-child\" data-id=\"0fa8d4e\" data-element_type=\"container\" data-e-type=\"container\">\n\t\t\t\t<div class=\"elementor-element elementor-element-d7b0f06 elementor-widget elementor-widget-heading\" data-id=\"d7b0f06\" data-element_type=\"widget\" data-e-type=\"widget\" data-widget_type=\"heading.default\">\n\t\t\t\t<div class=\"elementor-widget-container\">\n\t\t\t\t\t<h3 class=\"elementor-heading-title elementor-size-default\">Different types of garage doors<\/h3>\t\t\t\t<\/div>\n\t\t\t\t<\/div>\n\t\t\t\t<div class=\"elementor-element elementor-element-65f3db7 elementor-widget elementor-widget-text-editor\" data-id=\"65f3db7\" data-element_type=\"widget\" data-e-type=\"widget\" data-widget_type=\"text-editor.default\">\n\t\t\t\t<div class=\"elementor-widget-container\">\n\t\t\t\t\t\t\t\t\t<p>There are many different types of garage doors. Suitable electric drives are available for all common designs. However, it is important to choose a suitable system. It is therefore important to first look at the different garage doors.<\/p>\t\t\t\t\t\t\t\t<\/div>\n\t\t\t\t<\/div>\n\t\t\t\t<div class=\"elementor-element elementor-element-83b0cc6 elementor-widget elementor-widget-heading\" data-id=\"83b0cc6\" data-element_type=\"widget\" data-e-type=\"widget\" data-widget_type=\"heading.default\">\n\t\t\t\t<div class=\"elementor-widget-container\">\n\t\t\t\t\t<h2 class=\"elementor-heading-title elementor-size-default\">Swing doors<\/h2>\t\t\t\t<\/div>\n\t\t\t\t<\/div>\n\t\t\t\t<div class=\"elementor-element elementor-element-c566564 elementor-widget elementor-widget-text-editor\" data-id=\"c566564\" data-element_type=\"widget\" data-e-type=\"widget\" data-widget_type=\"text-editor.default\">\n\t\t\t\t<div class=\"elementor-widget-container\">\n\t\t\t\t\t\t\t\t\t<p>One of the most common designs is the up-and-over door. This consists of a single solid wing. Pull it up to open it. Please note that the lower area swings out towards the front. You are therefore not allowed to place any objects directly in front of the garage door.<\/p>\t\t\t\t\t\t\t\t<\/div>\n\t\t\t\t<\/div>\n\t\t\t\t<div class=\"elementor-element elementor-element-6007a04 elementor-widget elementor-widget-heading\" data-id=\"6007a04\" data-element_type=\"widget\" data-e-type=\"widget\" data-widget_type=\"heading.default\">\n\t\t\t\t<div class=\"elementor-widget-container\">\n\t\t\t\t\t<h2 class=\"elementor-heading-title elementor-size-default\">Sectional doors<\/h2>\t\t\t\t<\/div>\n\t\t\t\t<\/div>\n\t\t\t\t<div class=\"elementor-element elementor-element-21cc930 elementor-widget elementor-widget-text-editor\" data-id=\"21cc930\" data-element_type=\"widget\" data-e-type=\"widget\" data-widget_type=\"text-editor.default\">\n\t\t\t\t<div class=\"elementor-widget-container\">\n\t\t\t\t\t\t\t\t\t<p>Sectional doors also pull upwards. However, these consist of several individual areas, which are each connected by hinges. Therefore, they can be angled. Sectional doors do not swing out. You can open it vertically upwards.<\/p>\t\t\t\t\t\t\t\t<\/div>\n\t\t\t\t<\/div>\n\t\t\t\t<div class=\"elementor-element elementor-element-c9bf851 elementor-widget elementor-widget-heading\" data-id=\"c9bf851\" data-element_type=\"widget\" data-e-type=\"widget\" data-widget_type=\"heading.default\">\n\t\t\t\t<div class=\"elementor-widget-container\">\n\t\t\t\t\t<h2 class=\"elementor-heading-title elementor-size-default\">Swing gates<\/h2>\t\t\t\t<\/div>\n\t\t\t\t<\/div>\n\t\t\t\t<div class=\"elementor-element elementor-element-743b773 elementor-widget elementor-widget-text-editor\" data-id=\"743b773\" data-element_type=\"widget\" data-e-type=\"widget\" data-widget_type=\"text-editor.default\">\n\t\t\t\t<div class=\"elementor-widget-container\">\n\t\t\t\t\t\t\t\t\t<p>Swing gates or swing gates have two leaves that you can open to the side. Suitable electric drive systems are also available for this.<\/p>\t\t\t\t\t\t\t\t<\/div>\n\t\t\t\t<\/div>\n\t\t\t\t<div class=\"elementor-element elementor-element-98227c4 elementor-widget elementor-widget-heading\" data-id=\"98227c4\" data-element_type=\"widget\" data-e-type=\"widget\" data-widget_type=\"heading.default\">\n\t\t\t\t<div class=\"elementor-widget-container\">\n\t\t\t\t\t<h2 class=\"elementor-heading-title elementor-size-default\">Sliding gates<\/h2>\t\t\t\t<\/div>\n\t\t\t\t<\/div>\n\t\t\t\t<div class=\"elementor-element elementor-element-6227a11 elementor-widget elementor-widget-text-editor\" data-id=\"6227a11\" data-element_type=\"widget\" data-e-type=\"widget\" data-widget_type=\"text-editor.default\">\n\t\t\t\t<div class=\"elementor-widget-container\">\n\t\t\t\t\t\t\t\t\t<p>Sliding gates consist of a single leaf. However, do not pull this upwards. Instead, slide it aside. Sliding gates are mostly used in larger buildings in which there is a lot of space at the side to open the gate.<\/p>\t\t\t\t\t\t\t\t<\/div>\n\t\t\t\t<\/div>\n\t\t\t\t<\/div>\n\t\t<div class=\"elementor-element elementor-element-1a0bee8 e-con-full e-flex elementor-invisible e-con e-child\" data-id=\"1a0bee8\" data-element_type=\"container\" data-e-type=\"container\" data-settings=\"{&quot;background_background&quot;:&quot;classic&quot;,&quot;animation&quot;:&quot;fadeIn&quot;}\">\n\t\t\t\t<div class=\"elementor-element elementor-element-80fbf7b elementor-widget elementor-widget-spacer\" data-id=\"80fbf7b\" data-element_type=\"widget\" data-e-type=\"widget\" data-widget_type=\"spacer.default\">\n\t\t\t\t<div class=\"elementor-widget-container\">\n\t\t\t\t\t\t\t<div class=\"elementor-spacer\">\n\t\t\t<div class=\"elementor-spacer-inner\"><\/div>\n\t\t<\/div>\n\t\t\t\t\t\t<\/div>\n\t\t\t\t<\/div>\n\t\t\t\t<\/div>\n\t\t\t\t\t<\/div>\n\t\t\t\t<\/div>\n\t\t<div class=\"elementor-element elementor-element-7991120 e-flex e-con-boxed e-con e-parent\" data-id=\"7991120\" data-element_type=\"container\" data-e-type=\"container\">\n\t\t\t\t\t<div class=\"e-con-inner\">\n\t\t<div class=\"elementor-element elementor-element-8a26bc7 e-con-full e-flex e-con e-child\" data-id=\"8a26bc7\" data-element_type=\"container\" data-e-type=\"container\">\n\t\t<div class=\"elementor-element elementor-element-77f8af0 e-con-full e-flex e-con e-child\" data-id=\"77f8af0\" data-element_type=\"container\" data-e-type=\"container\">\n\t\t<div class=\"elementor-element elementor-element-48fda36 e-con-full e-flex e-con e-child\" data-id=\"48fda36\" data-element_type=\"container\" data-e-type=\"container\">\n\t\t\t\t<div class=\"elementor-element elementor-element-8eacad6 elementor-widget elementor-widget-image\" data-id=\"8eacad6\" data-element_type=\"widget\" data-e-type=\"widget\" data-widget_type=\"image.default\">\n\t\t\t\t<div class=\"elementor-widget-container\">\n\t\t\t\t\t\t\t\t\t\t\t\t\t\t\t<img decoding=\"async\" width=\"800\" height=\"534\" src=\"https:\/\/ztp-elektrotechnik.de\/wp-content\/uploads\/2024\/08\/modern-small-architecture-aluminium-pergola-wall-installation-1024x683.jpg\" class=\"elementor-animation-hang attachment-large size-large wp-image-348\" alt=\"\" srcset=\"https:\/\/ztp-elektrotechnik.de\/wp-content\/uploads\/2024\/08\/modern-small-architecture-aluminium-pergola-wall-installation-1024x683.jpg 1024w, https:\/\/ztp-elektrotechnik.de\/wp-content\/uploads\/2024\/08\/modern-small-architecture-aluminium-pergola-wall-installation-300x200.jpg 300w, https:\/\/ztp-elektrotechnik.de\/wp-content\/uploads\/2024\/08\/modern-small-architecture-aluminium-pergola-wall-installation-768x512.jpg 768w, https:\/\/ztp-elektrotechnik.de\/wp-content\/uploads\/2024\/08\/modern-small-architecture-aluminium-pergola-wall-installation-1536x1024.jpg 1536w, https:\/\/ztp-elektrotechnik.de\/wp-content\/uploads\/2024\/08\/modern-small-architecture-aluminium-pergola-wall-installation.jpg 1600w\" sizes=\"(max-width: 800px) 100vw, 800px\" \/>\t\t\t\t\t\t\t\t\t\t\t\t\t\t\t<\/div>\n\t\t\t\t<\/div>\n\t\t\t\t<\/div>\n\t\t<div class=\"elementor-element elementor-element-ec0d885 e-con-full e-flex e-con e-child\" data-id=\"ec0d885\" data-element_type=\"container\" data-e-type=\"container\" data-settings=\"{&quot;background_background&quot;:&quot;classic&quot;}\">\n\t\t\t\t<div class=\"elementor-element elementor-element-a662298 elementor-widget elementor-widget-heading\" data-id=\"a662298\" data-element_type=\"widget\" data-e-type=\"widget\" data-widget_type=\"heading.default\">\n\t\t\t\t<div class=\"elementor-widget-container\">\n\t\t\t\t\t<h3 class=\"elementor-heading-title elementor-size-default\">Variants for the energy supply for garage door drives<\/h3>\t\t\t\t<\/div>\n\t\t\t\t<\/div>\n\t\t\t\t<div class=\"elementor-element elementor-element-9e44a9a elementor-widget elementor-widget-text-editor\" data-id=\"9e44a9a\" data-element_type=\"widget\" data-e-type=\"widget\" data-widget_type=\"text-editor.default\">\n\t\t\t\t<div class=\"elementor-widget-container\">\n\t\t\t\t\t\t\t\t\t<p>In addition to manual operation, there are many different ways to open the garage door. A wide range of electrical drive types are available. Most devices are equipped with a power plug. However, if there is no socket available in the garage, you can switch to a device with a battery. Drive systems with a solar drive are also comfortable and environmentally friendly.<\/p>\t\t\t\t\t\t\t\t<\/div>\n\t\t\t\t<\/div>\n\t\t\t\t<\/div>\n\t\t\t\t<\/div>\n\t\t\t\t<\/div>\n\t\t\t\t\t<\/div>\n\t\t\t\t<\/div>\n\t\t<div class=\"elementor-element elementor-element-4a6e0ce e-con-full e-flex e-con e-child\" data-id=\"4a6e0ce\" data-element_type=\"container\" data-e-type=\"container\">\n\t\t<div class=\"elementor-element elementor-element-898ecec e-con-full e-flex e-con e-child\" data-id=\"898ecec\" data-element_type=\"container\" data-e-type=\"container\" data-settings=\"{&quot;background_background&quot;:&quot;classic&quot;}\">\n\t\t\t\t<div class=\"elementor-element elementor-element-d4ef362 elementor-widget elementor-widget-heading\" data-id=\"d4ef362\" data-element_type=\"widget\" data-e-type=\"widget\" data-widget_type=\"heading.default\">\n\t\t\t\t<div class=\"elementor-widget-container\">\n\t\t\t\t\t<h3 class=\"elementor-heading-title elementor-size-default\">Careful planning by the electrical company<\/h3>\t\t\t\t<\/div>\n\t\t\t\t<\/div>\n\t\t\t\t<div class=\"elementor-element elementor-element-dea1d50 elementor-widget elementor-widget-text-editor\" data-id=\"dea1d50\" data-element_type=\"widget\" data-e-type=\"widget\" data-widget_type=\"text-editor.default\">\n\t\t\t\t<div class=\"elementor-widget-container\">\n\t\t\t\t\t\t\t\t\t<p>Due to the wide range of options, it is very important to seek professional advice when installing a garage door drive. In our specialist electrical shop, we will present you with products that fit your garage exactly. In addition, we ensure proper installation so that you benefit from excellent convenience.<\/p>\t\t\t\t\t\t\t\t<\/div>\n\t\t\t\t<\/div>\n\t\t\t\t<\/div>\n\t\t<div class=\"elementor-element elementor-element-3464847 e-con-full e-flex e-con e-child\" data-id=\"3464847\" data-element_type=\"container\" data-e-type=\"container\">\n\t\t\t\t<div class=\"elementor-element elementor-element-bb0650a elementor-widget elementor-widget-image\" data-id=\"bb0650a\" data-element_type=\"widget\" data-e-type=\"widget\" data-widget_type=\"image.default\">\n\t\t\t\t<div class=\"elementor-widget-container\">\n\t\t\t\t\t\t\t\t\t\t\t\t\t\t\t<img decoding=\"async\" width=\"800\" height=\"534\" src=\"https:\/\/ztp-elektrotechnik.de\/wp-content\/uploads\/2024\/08\/automechanic-is-opening-garage-door-mechanic39s-workshop-1024x683.jpg\" class=\"elementor-animation-hang attachment-large size-large wp-image-350\" alt=\"\" srcset=\"https:\/\/ztp-elektrotechnik.de\/wp-content\/uploads\/2024\/08\/automechanic-is-opening-garage-door-mechanic39s-workshop-1024x683.jpg 1024w, https:\/\/ztp-elektrotechnik.de\/wp-content\/uploads\/2024\/08\/automechanic-is-opening-garage-door-mechanic39s-workshop-300x200.jpg 300w, https:\/\/ztp-elektrotechnik.de\/wp-content\/uploads\/2024\/08\/automechanic-is-opening-garage-door-mechanic39s-workshop-768x512.jpg 768w, https:\/\/ztp-elektrotechnik.de\/wp-content\/uploads\/2024\/08\/automechanic-is-opening-garage-door-mechanic39s-workshop-1536x1024.jpg 1536w, https:\/\/ztp-elektrotechnik.de\/wp-content\/uploads\/2024\/08\/automechanic-is-opening-garage-door-mechanic39s-workshop.jpg 1600w\" sizes=\"(max-width: 800px) 100vw, 800px\" \/>\t\t\t\t\t\t\t\t\t\t\t\t\t\t\t<\/div>\n\t\t\t\t<\/div>\n\t\t\t\t<\/div>\n\t\t\t\t<\/div>\n\t\t\t\t<\/div>","protected":false},"excerpt":{"rendered":"<p>Mehr Sicherheit und Komfort durch einen Garagentorantrieb Wenn Sie mit dem Auto nach Hause kommen, ist es sehr l\u00e4stig, den Wagen abzustellen, auszusteigen und das Garagentor von Hand zu \u00f6ffnen. Einen deutlich h\u00f6heren Komfort genie\u00dfen Sie, wenn Sie einen elektrischen Garagentorantrieb verwenden. Dieser ist mit einer Fernbedienung ausgestattet, die Sie stets im Auto mitf\u00fchren k\u00f6nnen. [&hellip;]<\/p>\n","protected":false},"author":1,"featured_media":229,"parent":110,"menu_order":0,"comment_status":"closed","ping_status":"closed","template":"","meta":{"footnotes":""},"class_list":["post-119","page","type-page","status-publish","has-post-thumbnail","hentry"],"_links":{"self":[{"href":"https:\/\/ztp-elektrotechnik.de\/en\/wp-json\/wp\/v2\/pages\/119","targetHints":{"allow":["GET"]}}],"collection":[{"href":"https:\/\/ztp-elektrotechnik.de\/en\/wp-json\/wp\/v2\/pages"}],"about":[{"href":"https:\/\/ztp-elektrotechnik.de\/en\/wp-json\/wp\/v2\/types\/page"}],"author":[{"embeddable":true,"href":"https:\/\/ztp-elektrotechnik.de\/en\/wp-json\/wp\/v2\/users\/1"}],"replies":[{"embeddable":true,"href":"https:\/\/ztp-elektrotechnik.de\/en\/wp-json\/wp\/v2\/comments?post=119"}],"version-history":[{"count":0,"href":"https:\/\/ztp-elektrotechnik.de\/en\/wp-json\/wp\/v2\/pages\/119\/revisions"}],"up":[{"embeddable":true,"href":"https:\/\/ztp-elektrotechnik.de\/en\/wp-json\/wp\/v2\/pages\/110"}],"wp:featuredmedia":[{"embeddable":true,"href":"https:\/\/ztp-elektrotechnik.de\/en\/wp-json\/wp\/v2\/media\/229"}],"wp:attachment":[{"href":"https:\/\/ztp-elektrotechnik.de\/en\/wp-json\/wp\/v2\/media?parent=119"}],"curies":[{"name":"wp","href":"https:\/\/api.w.org\/{rel}","templated":true}]}}