{"id":126,"date":"2024-08-20T09:45:36","date_gmt":"2024-08-20T09:45:36","guid":{"rendered":"https:\/\/ztp-technik.idesign.mk\/?page_id=126"},"modified":"2024-08-21T09:38:23","modified_gmt":"2024-08-21T09:38:23","slug":"ausenbeleuchtung","status":"publish","type":"page","link":"https:\/\/ztp-elektrotechnik.de\/en\/leistungen\/licht-leuchten\/ausenbeleuchtung\/","title":{"rendered":"OUTDOOR LIGHTING"},"content":{"rendered":"<div data-elementor-type=\"wp-page\" data-elementor-id=\"126\" class=\"elementor elementor-126\" data-elementor-settings=\"{&quot;element_pack_global_tooltip_width&quot;:{&quot;unit&quot;:&quot;px&quot;,&quot;size&quot;:&quot;&quot;,&quot;sizes&quot;:[]},&quot;element_pack_global_tooltip_width_tablet&quot;:{&quot;unit&quot;:&quot;px&quot;,&quot;size&quot;:&quot;&quot;,&quot;sizes&quot;:[]},&quot;element_pack_global_tooltip_width_mobile&quot;:{&quot;unit&quot;:&quot;px&quot;,&quot;size&quot;:&quot;&quot;,&quot;sizes&quot;:[]},&quot;element_pack_global_tooltip_padding&quot;:{&quot;unit&quot;:&quot;px&quot;,&quot;top&quot;:&quot;&quot;,&quot;right&quot;:&quot;&quot;,&quot;bottom&quot;:&quot;&quot;,&quot;left&quot;:&quot;&quot;,&quot;isLinked&quot;:true},&quot;element_pack_global_tooltip_padding_tablet&quot;:{&quot;unit&quot;:&quot;px&quot;,&quot;top&quot;:&quot;&quot;,&quot;right&quot;:&quot;&quot;,&quot;bottom&quot;:&quot;&quot;,&quot;left&quot;:&quot;&quot;,&quot;isLinked&quot;:true},&quot;element_pack_global_tooltip_padding_mobile&quot;:{&quot;unit&quot;:&quot;px&quot;,&quot;top&quot;:&quot;&quot;,&quot;right&quot;:&quot;&quot;,&quot;bottom&quot;:&quot;&quot;,&quot;left&quot;:&quot;&quot;,&quot;isLinked&quot;:true},&quot;element_pack_global_tooltip_border_radius&quot;:{&quot;unit&quot;:&quot;px&quot;,&quot;top&quot;:&quot;&quot;,&quot;right&quot;:&quot;&quot;,&quot;bottom&quot;:&quot;&quot;,&quot;left&quot;:&quot;&quot;,&quot;isLinked&quot;:true},&quot;element_pack_global_tooltip_border_radius_tablet&quot;:{&quot;unit&quot;:&quot;px&quot;,&quot;top&quot;:&quot;&quot;,&quot;right&quot;:&quot;&quot;,&quot;bottom&quot;:&quot;&quot;,&quot;left&quot;:&quot;&quot;,&quot;isLinked&quot;:true},&quot;element_pack_global_tooltip_border_radius_mobile&quot;:{&quot;unit&quot;:&quot;px&quot;,&quot;top&quot;:&quot;&quot;,&quot;right&quot;:&quot;&quot;,&quot;bottom&quot;:&quot;&quot;,&quot;left&quot;:&quot;&quot;,&quot;isLinked&quot;:true}}\" data-elementor-post-type=\"page\">\n\t\t\t\t<div class=\"elementor-element elementor-element-b0fbbfa e-flex e-con-boxed e-con e-parent\" data-id=\"b0fbbfa\" data-element_type=\"container\" data-e-type=\"container\">\n\t\t\t\t\t<div class=\"e-con-inner\">\n\t\t<div class=\"elementor-element elementor-element-0148ea9 e-con-full e-flex e-con e-child\" data-id=\"0148ea9\" data-element_type=\"container\" data-e-type=\"container\">\n\t\t<div class=\"elementor-element elementor-element-76a1838 e-con-full e-flex e-con e-child\" data-id=\"76a1838\" data-element_type=\"container\" data-e-type=\"container\">\n\t\t<div class=\"elementor-element elementor-element-cd8cb57 e-con-full e-flex e-con e-child\" data-id=\"cd8cb57\" data-element_type=\"container\" data-e-type=\"container\">\n\t\t\t\t<div class=\"elementor-element elementor-element-561503d elementor-widget elementor-widget-image\" data-id=\"561503d\" data-element_type=\"widget\" data-e-type=\"widget\" data-widget_type=\"image.default\">\n\t\t\t\t<div class=\"elementor-widget-container\">\n\t\t\t\t\t\t\t\t\t\t\t\t\t\t\t<img fetchpriority=\"high\" decoding=\"async\" width=\"800\" height=\"784\" src=\"https:\/\/ztp-elektrotechnik.de\/wp-content\/uploads\/2024\/08\/1d0a48e1549f4d824232992301aea387-1536x1024-1-e1724232859689-1024x1004.jpg\" class=\"elementor-animation-hang attachment-large size-large wp-image-368\" alt=\"\" srcset=\"https:\/\/ztp-elektrotechnik.de\/wp-content\/uploads\/2024\/08\/1d0a48e1549f4d824232992301aea387-1536x1024-1-e1724232859689-1024x1004.jpg 1024w, https:\/\/ztp-elektrotechnik.de\/wp-content\/uploads\/2024\/08\/1d0a48e1549f4d824232992301aea387-1536x1024-1-e1724232859689-300x294.jpg 300w, https:\/\/ztp-elektrotechnik.de\/wp-content\/uploads\/2024\/08\/1d0a48e1549f4d824232992301aea387-1536x1024-1-e1724232859689-768x753.jpg 768w, https:\/\/ztp-elektrotechnik.de\/wp-content\/uploads\/2024\/08\/1d0a48e1549f4d824232992301aea387-1536x1024-1-e1724232859689.jpg 1044w\" sizes=\"(max-width: 800px) 100vw, 800px\" \/>\t\t\t\t\t\t\t\t\t\t\t\t\t\t\t<\/div>\n\t\t\t\t<\/div>\n\t\t\t\t<\/div>\n\t\t<div class=\"elementor-element elementor-element-62db49f e-con-full e-flex e-con e-child\" data-id=\"62db49f\" data-element_type=\"container\" data-e-type=\"container\" data-settings=\"{&quot;background_background&quot;:&quot;classic&quot;}\">\n\t\t\t\t<div class=\"elementor-element elementor-element-6d3d36b elementor-widget elementor-widget-heading\" data-id=\"6d3d36b\" data-element_type=\"widget\" data-e-type=\"widget\" data-widget_type=\"heading.default\">\n\t\t\t\t<div class=\"elementor-widget-container\">\n\t\t\t\t\t<h3 class=\"elementor-heading-title elementor-size-default\">Safe and attractive: outdoor lighting from an electrical specialist<\/h3>\t\t\t\t<\/div>\n\t\t\t\t<\/div>\n\t\t\t\t<div class=\"elementor-element elementor-element-22a3e05 elementor-widget elementor-widget-text-editor\" data-id=\"22a3e05\" data-element_type=\"widget\" data-e-type=\"widget\" data-widget_type=\"text-editor.default\">\n\t\t\t\t<div class=\"elementor-widget-container\">\n\t\t\t\t\t\t\t\t\t<p>As a homeowner or as the owner of a commercial property, you are obliged to take care of the outdoor lighting. This is of great importance for secure access. In the event of an accident due to poor lighting, you are responsible for it. Therefore, it makes sense to contact a qualified installer for this task, who will do the job professionally.<\/p>\t\t\t\t\t\t\t\t<\/div>\n\t\t\t\t<\/div>\n\t\t\t\t<\/div>\n\t\t\t\t<\/div>\n\t\t\t\t<\/div>\n\t\t\t\t\t<\/div>\n\t\t\t\t<\/div>\n\t\t<div class=\"elementor-element elementor-element-5f086f5 e-flex e-con-boxed e-con e-parent\" data-id=\"5f086f5\" data-element_type=\"container\" data-e-type=\"container\" data-settings=\"{&quot;background_background&quot;:&quot;classic&quot;}\">\n\t\t\t\t\t<div class=\"e-con-inner\">\n\t\t<div class=\"elementor-element elementor-element-ee8325d e-con-full e-flex e-con e-child\" data-id=\"ee8325d\" data-element_type=\"container\" data-e-type=\"container\">\n\t\t\t\t<div class=\"elementor-element elementor-element-b65d0e0 elementor-widget elementor-widget-heading\" data-id=\"b65d0e0\" data-element_type=\"widget\" data-e-type=\"widget\" data-widget_type=\"heading.default\">\n\t\t\t\t<div class=\"elementor-widget-container\">\n\t\t\t\t\t<h3 class=\"elementor-heading-title elementor-size-default\">The advantages of good outdoor lighting<\/h3>\t\t\t\t<\/div>\n\t\t\t\t<\/div>\n\t\t\t\t<div class=\"elementor-element elementor-element-ea79eb6 elementor-widget elementor-widget-text-editor\" data-id=\"ea79eb6\" data-element_type=\"widget\" data-e-type=\"widget\" data-widget_type=\"text-editor.default\">\n\t\t\t\t<div class=\"elementor-widget-container\">\n\t\t\t\t\t\t\t\t\t<p>If your building doesn't have adequate outdoor lighting yet, it's time to take care of it. You benefit from numerous advantages through good lighting of the outdoor area.<\/p>\t\t\t\t\t\t\t\t<\/div>\n\t\t\t\t<\/div>\n\t\t\t\t<div class=\"elementor-element elementor-element-4d7c962 elementor-widget elementor-widget-heading\" data-id=\"4d7c962\" data-element_type=\"widget\" data-e-type=\"widget\" data-widget_type=\"heading.default\">\n\t\t\t\t<div class=\"elementor-widget-container\">\n\t\t\t\t\t<h2 class=\"elementor-heading-title elementor-size-default\">Security<\/h2>\t\t\t\t<\/div>\n\t\t\t\t<\/div>\n\t\t\t\t<div class=\"elementor-element elementor-element-a555f80 elementor-widget elementor-widget-text-editor\" data-id=\"a555f80\" data-element_type=\"widget\" data-e-type=\"widget\" data-widget_type=\"text-editor.default\">\n\t\t\t\t<div class=\"elementor-widget-container\">\n\t\t\t\t\t\t\t\t\t<p>Without a doubt, security is of particular importance. If there is no lighting at the house entrance, it is difficult to see steps or foreign objects in the path. In this way you are not only endangering your visitors, but also yourself. Good lighting is therefore very important to avoid accidents and broken bones.<\/p>\t\t\t\t\t\t\t\t<\/div>\n\t\t\t\t<\/div>\n\t\t\t\t<div class=\"elementor-element elementor-element-c5b4285 elementor-widget elementor-widget-heading\" data-id=\"c5b4285\" data-element_type=\"widget\" data-e-type=\"widget\" data-widget_type=\"heading.default\">\n\t\t\t\t<div class=\"elementor-widget-container\">\n\t\t\t\t\t<h2 class=\"elementor-heading-title elementor-size-default\">Comfort<\/h2>\t\t\t\t<\/div>\n\t\t\t\t<\/div>\n\t\t\t\t<div class=\"elementor-element elementor-element-63ba460 elementor-widget elementor-widget-text-editor\" data-id=\"63ba460\" data-element_type=\"widget\" data-e-type=\"widget\" data-widget_type=\"text-editor.default\">\n\t\t\t\t<div class=\"elementor-widget-container\">\n\t\t\t\t\t\t\t\t\t<p>Good lighting also increases the convenience of using the property. In this way you not only comfortably reach the house entrance. The garden lighting is of particular importance here. This ensures that you can use the green areas even in the dark.<\/p>\t\t\t\t\t\t\t\t<\/div>\n\t\t\t\t<\/div>\n\t\t\t\t<div class=\"elementor-element elementor-element-04d9b14 elementor-widget elementor-widget-heading\" data-id=\"04d9b14\" data-element_type=\"widget\" data-e-type=\"widget\" data-widget_type=\"heading.default\">\n\t\t\t\t<div class=\"elementor-widget-container\">\n\t\t\t\t\t<h2 class=\"elementor-heading-title elementor-size-default\">Appealing appearance<\/h2>\t\t\t\t<\/div>\n\t\t\t\t<\/div>\n\t\t\t\t<div class=\"elementor-element elementor-element-7ce6e43 elementor-widget elementor-widget-text-editor\" data-id=\"7ce6e43\" data-element_type=\"widget\" data-e-type=\"widget\" data-widget_type=\"text-editor.default\">\n\t\t\t\t<div class=\"elementor-widget-container\">\n\t\t\t\t\t\t\t\t\t<p>Outdoor lighting also plays an important role in the appearance of the building. When it is well lit, it looks appealing and inviting. This way you and your guests feel particularly comfortable. You benefit from a wide range of design options that not only ensure good lighting, but also highlight the architecture of the building.<\/p>\t\t\t\t\t\t\t\t<\/div>\n\t\t\t\t<\/div>\n\t\t\t\t<\/div>\n\t\t<div class=\"elementor-element elementor-element-f2f13ec e-con-full e-flex elementor-invisible e-con e-child\" data-id=\"f2f13ec\" data-element_type=\"container\" data-e-type=\"container\" data-settings=\"{&quot;background_background&quot;:&quot;classic&quot;,&quot;animation&quot;:&quot;fadeIn&quot;}\">\n\t\t\t\t<div class=\"elementor-element elementor-element-4143770 elementor-widget elementor-widget-spacer\" data-id=\"4143770\" data-element_type=\"widget\" data-e-type=\"widget\" data-widget_type=\"spacer.default\">\n\t\t\t\t<div class=\"elementor-widget-container\">\n\t\t\t\t\t\t\t<div class=\"elementor-spacer\">\n\t\t\t<div class=\"elementor-spacer-inner\"><\/div>\n\t\t<\/div>\n\t\t\t\t\t\t<\/div>\n\t\t\t\t<\/div>\n\t\t\t\t<\/div>\n\t\t\t\t\t<\/div>\n\t\t\t\t<\/div>\n\t\t<div class=\"elementor-element elementor-element-3ef312b e-flex e-con-boxed e-con e-parent\" data-id=\"3ef312b\" data-element_type=\"container\" data-e-type=\"container\">\n\t\t\t\t\t<div class=\"e-con-inner\">\n\t\t<div class=\"elementor-element elementor-element-eccdfed e-con-full e-flex e-con e-child\" data-id=\"eccdfed\" data-element_type=\"container\" data-e-type=\"container\">\n\t\t<div class=\"elementor-element elementor-element-24d4f7e e-con-full e-flex e-con e-child\" data-id=\"24d4f7e\" data-element_type=\"container\" data-e-type=\"container\">\n\t\t<div class=\"elementor-element elementor-element-c484101 e-con-full e-flex e-con e-child\" data-id=\"c484101\" data-element_type=\"container\" data-e-type=\"container\">\n\t\t\t\t<div class=\"elementor-element elementor-element-642a610 elementor-widget elementor-widget-image\" data-id=\"642a610\" data-element_type=\"widget\" data-e-type=\"widget\" data-widget_type=\"image.default\">\n\t\t\t\t<div class=\"elementor-widget-container\">\n\t\t\t\t\t\t\t\t\t\t\t\t\t\t\t<img decoding=\"async\" width=\"800\" height=\"534\" src=\"https:\/\/ztp-elektrotechnik.de\/wp-content\/uploads\/2024\/08\/quartet-solar-path-lights-gold-bronze-tones-with-teal-orange-accents-sidewalk-1024x683.jpg\" class=\"elementor-animation-hang attachment-large size-large wp-image-373\" alt=\"\" srcset=\"https:\/\/ztp-elektrotechnik.de\/wp-content\/uploads\/2024\/08\/quartet-solar-path-lights-gold-bronze-tones-with-teal-orange-accents-sidewalk-1024x683.jpg 1024w, https:\/\/ztp-elektrotechnik.de\/wp-content\/uploads\/2024\/08\/quartet-solar-path-lights-gold-bronze-tones-with-teal-orange-accents-sidewalk-300x200.jpg 300w, https:\/\/ztp-elektrotechnik.de\/wp-content\/uploads\/2024\/08\/quartet-solar-path-lights-gold-bronze-tones-with-teal-orange-accents-sidewalk-768x512.jpg 768w, https:\/\/ztp-elektrotechnik.de\/wp-content\/uploads\/2024\/08\/quartet-solar-path-lights-gold-bronze-tones-with-teal-orange-accents-sidewalk-1536x1024.jpg 1536w, https:\/\/ztp-elektrotechnik.de\/wp-content\/uploads\/2024\/08\/quartet-solar-path-lights-gold-bronze-tones-with-teal-orange-accents-sidewalk.jpg 1600w\" sizes=\"(max-width: 800px) 100vw, 800px\" \/>\t\t\t\t\t\t\t\t\t\t\t\t\t\t\t<\/div>\n\t\t\t\t<\/div>\n\t\t\t\t<\/div>\n\t\t<div class=\"elementor-element elementor-element-062e314 e-con-full e-flex e-con e-child\" data-id=\"062e314\" data-element_type=\"container\" data-e-type=\"container\" data-settings=\"{&quot;background_background&quot;:&quot;classic&quot;}\">\n\t\t\t\t<div class=\"elementor-element elementor-element-67fd500 elementor-widget elementor-widget-heading\" data-id=\"67fd500\" data-element_type=\"widget\" data-e-type=\"widget\" data-widget_type=\"heading.default\">\n\t\t\t\t<div class=\"elementor-widget-container\">\n\t\t\t\t\t<h3 class=\"elementor-heading-title elementor-size-default\">Commercial outdoor lighting<\/h3>\t\t\t\t<\/div>\n\t\t\t\t<\/div>\n\t\t\t\t<div class=\"elementor-element elementor-element-c133f74 elementor-widget elementor-widget-text-editor\" data-id=\"c133f74\" data-element_type=\"widget\" data-e-type=\"widget\" data-widget_type=\"text-editor.default\">\n\t\t\t\t<div class=\"elementor-widget-container\">\n\t\t\t\t\t\t\t\t\t<p>Commercial outdoor lighting is of particular importance. In commercial operations, many people use the access routes - employees, customers and business partners. It is therefore particularly important to avoid accidents caused by poor lighting. This not only protects you from claims for damages. In addition, your company's image suffers if you endanger the safety of visitors.<\/p>\t\t\t\t\t\t\t\t<\/div>\n\t\t\t\t<\/div>\n\t\t\t\t<\/div>\n\t\t\t\t<\/div>\n\t\t<div class=\"elementor-element elementor-element-a1879a0 e-con-full e-flex e-con e-child\" data-id=\"a1879a0\" data-element_type=\"container\" data-e-type=\"container\">\n\t\t<div class=\"elementor-element elementor-element-8f37e9d e-con-full e-flex e-con e-child\" data-id=\"8f37e9d\" data-element_type=\"container\" data-e-type=\"container\" data-settings=\"{&quot;background_background&quot;:&quot;classic&quot;}\">\n\t\t\t\t<div class=\"elementor-element elementor-element-d3f029f elementor-widget elementor-widget-heading\" data-id=\"d3f029f\" data-element_type=\"widget\" data-e-type=\"widget\" data-widget_type=\"heading.default\">\n\t\t\t\t<div class=\"elementor-widget-container\">\n\t\t\t\t\t<h3 class=\"elementor-heading-title elementor-size-default\">Careful planning and reliable implementation by the electrical specialist<\/h3>\t\t\t\t<\/div>\n\t\t\t\t<\/div>\n\t\t\t\t<div class=\"elementor-element elementor-element-72c90e5 elementor-widget elementor-widget-text-editor\" data-id=\"72c90e5\" data-element_type=\"widget\" data-e-type=\"widget\" data-widget_type=\"text-editor.default\">\n\t\t\t\t<div class=\"elementor-widget-container\">\n\t\t\t\t\t\t\t\t\t<p>If you want to install new outdoor lighting, it is best to contact a specialist electrical company. We take care of both the planning and the implementation. In this way, we ensure that all required areas are reliably illuminated and that the installation of cables and lights meets all safety standards.<\/p>\t\t\t\t\t\t\t\t<\/div>\n\t\t\t\t<\/div>\n\t\t\t\t<\/div>\n\t\t<div class=\"elementor-element elementor-element-ba1e723 e-con-full e-flex e-con e-child\" data-id=\"ba1e723\" data-element_type=\"container\" data-e-type=\"container\">\n\t\t\t\t<div class=\"elementor-element elementor-element-8832388 elementor-widget elementor-widget-image\" data-id=\"8832388\" data-element_type=\"widget\" data-e-type=\"widget\" data-widget_type=\"image.default\">\n\t\t\t\t<div class=\"elementor-widget-container\">\n\t\t\t\t\t\t\t\t\t\t\t\t\t\t\t<img decoding=\"async\" width=\"732\" height=\"1024\" src=\"https:\/\/ztp-elektrotechnik.de\/wp-content\/uploads\/2024\/08\/close-up-hand-holding-illuminated-light-bulb-scaled-e1724244680434-732x1024.jpg\" class=\"elementor-animation-hang attachment-large size-large wp-image-372\" alt=\"\" srcset=\"https:\/\/ztp-elektrotechnik.de\/wp-content\/uploads\/2024\/08\/close-up-hand-holding-illuminated-light-bulb-scaled-e1724244680434-732x1024.jpg 732w, https:\/\/ztp-elektrotechnik.de\/wp-content\/uploads\/2024\/08\/close-up-hand-holding-illuminated-light-bulb-scaled-e1724244680434-215x300.jpg 215w, https:\/\/ztp-elektrotechnik.de\/wp-content\/uploads\/2024\/08\/close-up-hand-holding-illuminated-light-bulb-scaled-e1724244680434-768x1074.jpg 768w, https:\/\/ztp-elektrotechnik.de\/wp-content\/uploads\/2024\/08\/close-up-hand-holding-illuminated-light-bulb-scaled-e1724244680434-1098x1536.jpg 1098w, https:\/\/ztp-elektrotechnik.de\/wp-content\/uploads\/2024\/08\/close-up-hand-holding-illuminated-light-bulb-scaled-e1724244680434.jpg 1220w\" sizes=\"(max-width: 732px) 100vw, 732px\" \/>\t\t\t\t\t\t\t\t\t\t\t\t\t\t\t<\/div>\n\t\t\t\t<\/div>\n\t\t\t\t<\/div>\n\t\t\t\t<\/div>\n\t\t\t\t<\/div>\n\t\t\t\t\t<\/div>\n\t\t\t\t<\/div>\n\t\t\t\t<\/div>","protected":false},"excerpt":{"rendered":"<p>Sicher und ansprechend: Au\u00dfenbeleuchtung vom Elektrofachbetrieb Als Hausbesitzer oder als Eigent\u00fcmer einer Gewerbeimmobilie sind Sie dazu verpflichtet, sich um die Au\u00dfenbeleuchtung zu k\u00fcmmern. Diese ist f\u00fcr einen sicheren Zugang von gro\u00dfer Bedeutung. Sollte es aufgrund mangelhafter Beleuchtung zu einem Unfall kommen, sind Sie hierf\u00fcr haftbar. Daher ist es sinnvoll, sich f\u00fcr diese Aufgabe an einen [&hellip;]<\/p>\n","protected":false},"author":1,"featured_media":250,"parent":112,"menu_order":0,"comment_status":"closed","ping_status":"closed","template":"","meta":{"footnotes":""},"class_list":["post-126","page","type-page","status-publish","has-post-thumbnail","hentry"],"_links":{"self":[{"href":"https:\/\/ztp-elektrotechnik.de\/en\/wp-json\/wp\/v2\/pages\/126","targetHints":{"allow":["GET"]}}],"collection":[{"href":"https:\/\/ztp-elektrotechnik.de\/en\/wp-json\/wp\/v2\/pages"}],"about":[{"href":"https:\/\/ztp-elektrotechnik.de\/en\/wp-json\/wp\/v2\/types\/page"}],"author":[{"embeddable":true,"href":"https:\/\/ztp-elektrotechnik.de\/en\/wp-json\/wp\/v2\/users\/1"}],"replies":[{"embeddable":true,"href":"https:\/\/ztp-elektrotechnik.de\/en\/wp-json\/wp\/v2\/comments?post=126"}],"version-history":[{"count":0,"href":"https:\/\/ztp-elektrotechnik.de\/en\/wp-json\/wp\/v2\/pages\/126\/revisions"}],"up":[{"embeddable":true,"href":"https:\/\/ztp-elektrotechnik.de\/en\/wp-json\/wp\/v2\/pages\/112"}],"wp:featuredmedia":[{"embeddable":true,"href":"https:\/\/ztp-elektrotechnik.de\/en\/wp-json\/wp\/v2\/media\/250"}],"wp:attachment":[{"href":"https:\/\/ztp-elektrotechnik.de\/en\/wp-json\/wp\/v2\/media?parent=126"}],"curies":[{"name":"wp","href":"https:\/\/api.w.org\/{rel}","templated":true}]}}