{"id":128,"date":"2024-08-20T09:47:07","date_gmt":"2024-08-20T09:47:07","guid":{"rendered":"https:\/\/ztp-technik.idesign.mk\/?page_id=128"},"modified":"2024-09-01T11:11:13","modified_gmt":"2024-09-01T11:11:13","slug":"rauchwarnmelder","status":"publish","type":"page","link":"https:\/\/ztp-elektrotechnik.de\/en\/leistungen\/siecherheit\/rauchwarnmelder\/","title":{"rendered":"SMOKE ALARM"},"content":{"rendered":"<div data-elementor-type=\"wp-page\" data-elementor-id=\"128\" class=\"elementor elementor-128\" data-elementor-settings=\"{&quot;element_pack_global_tooltip_width&quot;:{&quot;unit&quot;:&quot;px&quot;,&quot;size&quot;:&quot;&quot;,&quot;sizes&quot;:[]},&quot;element_pack_global_tooltip_width_tablet&quot;:{&quot;unit&quot;:&quot;px&quot;,&quot;size&quot;:&quot;&quot;,&quot;sizes&quot;:[]},&quot;element_pack_global_tooltip_width_mobile&quot;:{&quot;unit&quot;:&quot;px&quot;,&quot;size&quot;:&quot;&quot;,&quot;sizes&quot;:[]},&quot;element_pack_global_tooltip_padding&quot;:{&quot;unit&quot;:&quot;px&quot;,&quot;top&quot;:&quot;&quot;,&quot;right&quot;:&quot;&quot;,&quot;bottom&quot;:&quot;&quot;,&quot;left&quot;:&quot;&quot;,&quot;isLinked&quot;:true},&quot;element_pack_global_tooltip_padding_tablet&quot;:{&quot;unit&quot;:&quot;px&quot;,&quot;top&quot;:&quot;&quot;,&quot;right&quot;:&quot;&quot;,&quot;bottom&quot;:&quot;&quot;,&quot;left&quot;:&quot;&quot;,&quot;isLinked&quot;:true},&quot;element_pack_global_tooltip_padding_mobile&quot;:{&quot;unit&quot;:&quot;px&quot;,&quot;top&quot;:&quot;&quot;,&quot;right&quot;:&quot;&quot;,&quot;bottom&quot;:&quot;&quot;,&quot;left&quot;:&quot;&quot;,&quot;isLinked&quot;:true},&quot;element_pack_global_tooltip_border_radius&quot;:{&quot;unit&quot;:&quot;px&quot;,&quot;top&quot;:&quot;&quot;,&quot;right&quot;:&quot;&quot;,&quot;bottom&quot;:&quot;&quot;,&quot;left&quot;:&quot;&quot;,&quot;isLinked&quot;:true},&quot;element_pack_global_tooltip_border_radius_tablet&quot;:{&quot;unit&quot;:&quot;px&quot;,&quot;top&quot;:&quot;&quot;,&quot;right&quot;:&quot;&quot;,&quot;bottom&quot;:&quot;&quot;,&quot;left&quot;:&quot;&quot;,&quot;isLinked&quot;:true},&quot;element_pack_global_tooltip_border_radius_mobile&quot;:{&quot;unit&quot;:&quot;px&quot;,&quot;top&quot;:&quot;&quot;,&quot;right&quot;:&quot;&quot;,&quot;bottom&quot;:&quot;&quot;,&quot;left&quot;:&quot;&quot;,&quot;isLinked&quot;:true}}\" data-elementor-post-type=\"page\">\n\t\t\t\t<div class=\"elementor-element elementor-element-0828bb5 e-flex e-con-boxed e-con e-parent\" data-id=\"0828bb5\" data-element_type=\"container\" data-e-type=\"container\">\n\t\t\t\t\t<div class=\"e-con-inner\">\n\t\t<div class=\"elementor-element elementor-element-eaf8fd6 e-con-full e-flex e-con e-child\" data-id=\"eaf8fd6\" data-element_type=\"container\" data-e-type=\"container\">\n\t\t<div class=\"elementor-element elementor-element-3efde9b e-con-full e-flex e-con e-child\" data-id=\"3efde9b\" data-element_type=\"container\" data-e-type=\"container\">\n\t\t<div class=\"elementor-element elementor-element-4cb1cd3 e-con-full e-flex e-con e-child\" data-id=\"4cb1cd3\" data-element_type=\"container\" data-e-type=\"container\">\n\t\t\t\t<div class=\"elementor-element elementor-element-661de62 elementor-widget elementor-widget-image\" data-id=\"661de62\" data-element_type=\"widget\" data-e-type=\"widget\" data-widget_type=\"image.default\">\n\t\t\t\t<div class=\"elementor-widget-container\">\n\t\t\t\t\t\t\t\t\t\t\t\t\t\t\t<img fetchpriority=\"high\" decoding=\"async\" width=\"800\" height=\"603\" src=\"https:\/\/ztp-elektrotechnik.de\/wp-content\/uploads\/2024\/09\/22-e1725188911257-1024x772.jpg\" class=\"elementor-animation-hang attachment-large size-large wp-image-774\" alt=\"\" srcset=\"https:\/\/ztp-elektrotechnik.de\/wp-content\/uploads\/2024\/09\/22-e1725188911257-1024x772.jpg 1024w, https:\/\/ztp-elektrotechnik.de\/wp-content\/uploads\/2024\/09\/22-e1725188911257-300x226.jpg 300w, https:\/\/ztp-elektrotechnik.de\/wp-content\/uploads\/2024\/09\/22-e1725188911257-768x579.jpg 768w, https:\/\/ztp-elektrotechnik.de\/wp-content\/uploads\/2024\/09\/22-e1725188911257-16x12.jpg 16w, https:\/\/ztp-elektrotechnik.de\/wp-content\/uploads\/2024\/09\/22-e1725188911257.jpg 1189w\" sizes=\"(max-width: 800px) 100vw, 800px\" \/>\t\t\t\t\t\t\t\t\t\t\t\t\t\t\t<\/div>\n\t\t\t\t<\/div>\n\t\t\t\t<\/div>\n\t\t<div class=\"elementor-element elementor-element-96675f7 e-con-full e-flex e-con e-child\" data-id=\"96675f7\" data-element_type=\"container\" data-e-type=\"container\" data-settings=\"{&quot;background_background&quot;:&quot;classic&quot;}\">\n\t\t\t\t<div class=\"elementor-element elementor-element-c736a26 elementor-widget elementor-widget-heading\" data-id=\"c736a26\" data-element_type=\"widget\" data-e-type=\"widget\" data-widget_type=\"heading.default\">\n\t\t\t\t<div class=\"elementor-widget-container\">\n\t\t\t\t\t<h3 class=\"elementor-heading-title elementor-size-default\">Smoke alarm device: more security in your home<\/h3>\t\t\t\t<\/div>\n\t\t\t\t<\/div>\n\t\t\t\t<div class=\"elementor-element elementor-element-71c9e04 elementor-widget elementor-widget-text-editor\" data-id=\"71c9e04\" data-element_type=\"widget\" data-e-type=\"widget\" data-widget_type=\"text-editor.default\">\n\t\t\t\t<div class=\"elementor-widget-container\">\n\t\t\t\t\t\t\t\t\t<p>To ensure a high level of security in your home, a smoke alarm device is essential. This not only protects the residents of the house. In addition, there are precise legal regulations that you should absolutely observe.<\/p>\t\t\t\t\t\t\t\t<\/div>\n\t\t\t\t<\/div>\n\t\t\t\t<\/div>\n\t\t\t\t<\/div>\n\t\t\t\t<\/div>\n\t\t\t\t\t<\/div>\n\t\t\t\t<\/div>\n\t\t<div class=\"elementor-element elementor-element-5256770 e-con-full e-flex e-con e-child\" data-id=\"5256770\" data-element_type=\"container\" data-e-type=\"container\">\n\t\t<div class=\"elementor-element elementor-element-d4ba0a4 e-con-full e-flex e-con e-child\" data-id=\"d4ba0a4\" data-element_type=\"container\" data-e-type=\"container\" data-settings=\"{&quot;background_background&quot;:&quot;classic&quot;}\">\n\t\t\t\t<div class=\"elementor-element elementor-element-1dc2353 elementor-widget elementor-widget-heading\" data-id=\"1dc2353\" data-element_type=\"widget\" data-e-type=\"widget\" data-widget_type=\"heading.default\">\n\t\t\t\t<div class=\"elementor-widget-container\">\n\t\t\t\t\t<h3 class=\"elementor-heading-title elementor-size-default\">Smoke detectors make an important contribution to fire protection<\/h3>\t\t\t\t<\/div>\n\t\t\t\t<\/div>\n\t\t\t\t<div class=\"elementor-element elementor-element-45ba771 elementor-widget elementor-widget-text-editor\" data-id=\"45ba771\" data-element_type=\"widget\" data-e-type=\"widget\" data-widget_type=\"text-editor.default\">\n\t\t\t\t<div class=\"elementor-widget-container\">\n\t\t\t\t\t\t\t\t\t<p>One of the greatest dangers of an apartment fire is that residents often only notice it late. For this reason, it is extremely important to use smoke alarm devices for reliable fire protection. These register the smoke development at an early stage and draw the residents' attention to the fire. So you can leave the building on time.<\/p>\t\t\t\t\t\t\t\t<\/div>\n\t\t\t\t<\/div>\n\t\t\t\t<\/div>\n\t\t<div class=\"elementor-element elementor-element-8fa907a e-con-full e-flex e-con e-child\" data-id=\"8fa907a\" data-element_type=\"container\" data-e-type=\"container\">\n\t\t\t\t<div class=\"elementor-element elementor-element-4da1570 elementor-widget elementor-widget-image\" data-id=\"4da1570\" data-element_type=\"widget\" data-e-type=\"widget\" data-widget_type=\"image.default\">\n\t\t\t\t<div class=\"elementor-widget-container\">\n\t\t\t\t\t\t\t\t\t\t\t\t\t\t\t<img decoding=\"async\" width=\"800\" height=\"400\" src=\"https:\/\/ztp-elektrotechnik.de\/wp-content\/uploads\/2024\/08\/smoke-detector-alarm-use-with-copy-space-background-concept-smoke-detector-home-safety-fire-prevention-alarm-system-copy-space-1024x512.jpg\" class=\"elementor-animation-hang attachment-large size-large wp-image-223\" alt=\"\" srcset=\"https:\/\/ztp-elektrotechnik.de\/wp-content\/uploads\/2024\/08\/smoke-detector-alarm-use-with-copy-space-background-concept-smoke-detector-home-safety-fire-prevention-alarm-system-copy-space-1024x512.jpg 1024w, https:\/\/ztp-elektrotechnik.de\/wp-content\/uploads\/2024\/08\/smoke-detector-alarm-use-with-copy-space-background-concept-smoke-detector-home-safety-fire-prevention-alarm-system-copy-space-300x150.jpg 300w, https:\/\/ztp-elektrotechnik.de\/wp-content\/uploads\/2024\/08\/smoke-detector-alarm-use-with-copy-space-background-concept-smoke-detector-home-safety-fire-prevention-alarm-system-copy-space-768x384.jpg 768w, https:\/\/ztp-elektrotechnik.de\/wp-content\/uploads\/2024\/08\/smoke-detector-alarm-use-with-copy-space-background-concept-smoke-detector-home-safety-fire-prevention-alarm-system-copy-space-1536x768.jpg 1536w, https:\/\/ztp-elektrotechnik.de\/wp-content\/uploads\/2024\/08\/smoke-detector-alarm-use-with-copy-space-background-concept-smoke-detector-home-safety-fire-prevention-alarm-system-copy-space.jpg 1600w\" sizes=\"(max-width: 800px) 100vw, 800px\" \/>\t\t\t\t\t\t\t\t\t\t\t\t\t\t\t<\/div>\n\t\t\t\t<\/div>\n\t\t\t\t<\/div>\n\t\t\t\t<\/div>\n\t\t<div class=\"elementor-element elementor-element-bff9476 e-flex e-con-boxed e-con e-parent\" data-id=\"bff9476\" data-element_type=\"container\" data-e-type=\"container\">\n\t\t\t\t\t<div class=\"e-con-inner\">\n\t\t<div class=\"elementor-element elementor-element-2cb0d1c e-con-full e-flex e-con e-child\" data-id=\"2cb0d1c\" data-element_type=\"container\" data-e-type=\"container\">\n\t\t<div class=\"elementor-element elementor-element-ecd9a6f e-con-full e-flex e-con e-child\" data-id=\"ecd9a6f\" data-element_type=\"container\" data-e-type=\"container\">\n\t\t<div class=\"elementor-element elementor-element-bf6a1cf e-con-full e-flex e-con e-child\" data-id=\"bf6a1cf\" data-element_type=\"container\" data-e-type=\"container\">\n\t\t\t\t<div class=\"elementor-element elementor-element-9fffdf9 elementor-widget elementor-widget-image\" data-id=\"9fffdf9\" data-element_type=\"widget\" data-e-type=\"widget\" data-widget_type=\"image.default\">\n\t\t\t\t<div class=\"elementor-widget-container\">\n\t\t\t\t\t\t\t\t\t\t\t\t\t\t\t<img decoding=\"async\" width=\"800\" height=\"938\" src=\"https:\/\/ztp-elektrotechnik.de\/wp-content\/uploads\/2024\/09\/23-e1725188987970-873x1024.jpg\" class=\"elementor-animation-hang attachment-large size-large wp-image-778\" alt=\"\" srcset=\"https:\/\/ztp-elektrotechnik.de\/wp-content\/uploads\/2024\/09\/23-e1725188987970-873x1024.jpg 873w, https:\/\/ztp-elektrotechnik.de\/wp-content\/uploads\/2024\/09\/23-e1725188987970-256x300.jpg 256w, https:\/\/ztp-elektrotechnik.de\/wp-content\/uploads\/2024\/09\/23-e1725188987970-768x901.jpg 768w, https:\/\/ztp-elektrotechnik.de\/wp-content\/uploads\/2024\/09\/23-e1725188987970-10x12.jpg 10w, https:\/\/ztp-elektrotechnik.de\/wp-content\/uploads\/2024\/09\/23-e1725188987970.jpg 909w\" sizes=\"(max-width: 800px) 100vw, 800px\" \/>\t\t\t\t\t\t\t\t\t\t\t\t\t\t\t<\/div>\n\t\t\t\t<\/div>\n\t\t\t\t<\/div>\n\t\t<div class=\"elementor-element elementor-element-fb472db e-con-full e-flex e-con e-child\" data-id=\"fb472db\" data-element_type=\"container\" data-e-type=\"container\" data-settings=\"{&quot;background_background&quot;:&quot;classic&quot;}\">\n\t\t\t\t<div class=\"elementor-element elementor-element-4155c44 elementor-widget elementor-widget-heading\" data-id=\"4155c44\" data-element_type=\"widget\" data-e-type=\"widget\" data-widget_type=\"heading.default\">\n\t\t\t\t<div class=\"elementor-widget-container\">\n\t\t\t\t\t<h3 class=\"elementor-heading-title elementor-size-default\">Are smoke alarm devices required by law?<\/h3>\t\t\t\t<\/div>\n\t\t\t\t<\/div>\n\t\t\t\t<div class=\"elementor-element elementor-element-7f344f8 elementor-widget elementor-widget-text-editor\" data-id=\"7f344f8\" data-element_type=\"widget\" data-e-type=\"widget\" data-widget_type=\"text-editor.default\">\n\t\t\t\t<div class=\"elementor-widget-container\">\n\t\t\t\t\t\t\t\t\t<p>It is not only the protection of the family that is an important reason for using a smoke detector. They are also required by law for reliable fire protection. In the whole of Germany, the rule is that they must be present in both bedrooms and children's rooms. You must also install a smoke alarm in hallways that serve as an escape route from a lounge. In some federal states, further regulations on fire protection also apply. It is therefore very important to find out exactly what the law is in your place of residence.<\/p>\t\t\t\t\t\t\t\t<\/div>\n\t\t\t\t<\/div>\n\t\t\t\t<\/div>\n\t\t\t\t<\/div>\n\t\t\t\t<\/div>\n\t\t\t\t\t<\/div>\n\t\t\t\t<\/div>\n\t\t<div class=\"elementor-element elementor-element-ea5bf38 e-flex e-con-boxed e-con e-parent\" data-id=\"ea5bf38\" data-element_type=\"container\" data-e-type=\"container\" data-settings=\"{&quot;background_background&quot;:&quot;classic&quot;}\">\n\t\t\t\t\t<div class=\"e-con-inner\">\n\t\t<div class=\"elementor-element elementor-element-a3ac5f5 e-con-full e-flex e-con e-child\" data-id=\"a3ac5f5\" data-element_type=\"container\" data-e-type=\"container\">\n\t\t\t\t<div class=\"elementor-element elementor-element-b860c3e elementor-widget elementor-widget-heading\" data-id=\"b860c3e\" data-element_type=\"widget\" data-e-type=\"widget\" data-widget_type=\"heading.default\">\n\t\t\t\t<div class=\"elementor-widget-container\">\n\t\t\t\t\t<h3 class=\"elementor-heading-title elementor-size-default\">Different types of smoke alarm devices<\/h3>\t\t\t\t<\/div>\n\t\t\t\t<\/div>\n\t\t\t\t<div class=\"elementor-element elementor-element-a5baed7 elementor-widget elementor-widget-text-editor\" data-id=\"a5baed7\" data-element_type=\"widget\" data-e-type=\"widget\" data-widget_type=\"text-editor.default\">\n\t\t\t\t<div class=\"elementor-widget-container\">\n\t\t\t\t\t\t\t\t\t<p>There are different techniques for implementing a smoke alarm device. In the following we present the three most important options. Each of them reliably protects your home and meets the legal requirements.<\/p>\t\t\t\t\t\t\t\t<\/div>\n\t\t\t\t<\/div>\n\t\t\t\t<div class=\"elementor-element elementor-element-6375dcf elementor-widget elementor-widget-heading\" data-id=\"6375dcf\" data-element_type=\"widget\" data-e-type=\"widget\" data-widget_type=\"heading.default\">\n\t\t\t\t<div class=\"elementor-widget-container\">\n\t\t\t\t\t<h2 class=\"elementor-heading-title elementor-size-default\">Photo-optical smoke alarm<\/h2>\t\t\t\t<\/div>\n\t\t\t\t<\/div>\n\t\t\t\t<div class=\"elementor-element elementor-element-f944167 elementor-widget elementor-widget-text-editor\" data-id=\"f944167\" data-element_type=\"widget\" data-e-type=\"widget\" data-widget_type=\"text-editor.default\">\n\t\t\t\t<div class=\"elementor-widget-container\">\n\t\t\t\t\t\t\t\t\t<p>The photo-optical detector uses a diode and a receiver. Usually the light is emitted in a straight line. However, when the device fills with smoke, the light is refracted. The recipient registers this change and therefore triggers an alarm in the event of a fire. This is the most frequently used type of smoke detector in Germany.<\/p>\t\t\t\t\t\t\t\t<\/div>\n\t\t\t\t<\/div>\n\t\t\t\t<div class=\"elementor-element elementor-element-a740947 elementor-widget elementor-widget-heading\" data-id=\"a740947\" data-element_type=\"widget\" data-e-type=\"widget\" data-widget_type=\"heading.default\">\n\t\t\t\t<div class=\"elementor-widget-container\">\n\t\t\t\t\t<h2 class=\"elementor-heading-title elementor-size-default\">Photo-thermal devices<\/h2>\t\t\t\t<\/div>\n\t\t\t\t<\/div>\n\t\t\t\t<div class=\"elementor-element elementor-element-ef24236 elementor-widget elementor-widget-text-editor\" data-id=\"ef24236\" data-element_type=\"widget\" data-e-type=\"widget\" data-widget_type=\"text-editor.default\">\n\t\t\t\t<div class=\"elementor-widget-container\">\n\t\t\t\t\t\t\t\t\t<p>Photo-thermal detectors combine the photo-optical function just described with a heat detector. They therefore also react to the strong development of heat that occurs in a fire. In theory, this additional feature improves protection. In practice, however, it usually has no effect, since the photo-optical function detects the smoke much earlier than the heat detector recognizes the corresponding heat development.<\/p>\t\t\t\t\t\t\t\t<\/div>\n\t\t\t\t<\/div>\n\t\t\t\t<div class=\"elementor-element elementor-element-1ba34ea elementor-widget elementor-widget-heading\" data-id=\"1ba34ea\" data-element_type=\"widget\" data-e-type=\"widget\" data-widget_type=\"heading.default\">\n\t\t\t\t<div class=\"elementor-widget-container\">\n\t\t\t\t\t<h2 class=\"elementor-heading-title elementor-size-default\">Ionization smoke detector for particularly good protection<\/h2>\t\t\t\t<\/div>\n\t\t\t\t<\/div>\n\t\t\t\t<div class=\"elementor-element elementor-element-36500d8 elementor-widget elementor-widget-text-editor\" data-id=\"36500d8\" data-element_type=\"widget\" data-e-type=\"widget\" data-widget_type=\"text-editor.default\">\n\t\t\t\t<div class=\"elementor-widget-container\">\n\t\t\t\t\t\t\t\t\t<p>An ionization smoke detector uses two electrodes between which there are electrically charged ions. This enables a current to flow. When smoke occurs, the ions settle on the smoke particles. This reduces the flow of electricity and then triggers an alarm. Ionization smoke detectors detect even the smallest amount of smoke and therefore make a significant contribution to safety. However, they contain environmentally harmful elements, so that their disposal is problematic. Therefore, they are only used very rarely.<\/p>\t\t\t\t\t\t\t\t<\/div>\n\t\t\t\t<\/div>\n\t\t\t\t<\/div>\n\t\t<div class=\"elementor-element elementor-element-99e26ac e-con-full e-flex elementor-invisible e-con e-child\" data-id=\"99e26ac\" data-element_type=\"container\" data-e-type=\"container\" data-settings=\"{&quot;background_background&quot;:&quot;classic&quot;,&quot;animation&quot;:&quot;fadeIn&quot;}\">\n\t\t\t\t<div class=\"elementor-element elementor-element-e0d3730 elementor-widget elementor-widget-spacer\" data-id=\"e0d3730\" data-element_type=\"widget\" data-e-type=\"widget\" data-widget_type=\"spacer.default\">\n\t\t\t\t<div class=\"elementor-widget-container\">\n\t\t\t\t\t\t\t<div class=\"elementor-spacer\">\n\t\t\t<div class=\"elementor-spacer-inner\"><\/div>\n\t\t<\/div>\n\t\t\t\t\t\t<\/div>\n\t\t\t\t<\/div>\n\t\t\t\t<\/div>\n\t\t\t\t\t<\/div>\n\t\t\t\t<\/div>\n\t\t<div class=\"elementor-element elementor-element-493ddee e-flex e-con-boxed e-con e-parent\" data-id=\"493ddee\" data-element_type=\"container\" data-e-type=\"container\">\n\t\t\t\t\t<div class=\"e-con-inner\">\n\t\t<div class=\"elementor-element elementor-element-7a4b6ed e-con-full e-flex e-con e-child\" data-id=\"7a4b6ed\" data-element_type=\"container\" data-e-type=\"container\">\n\t\t<div class=\"elementor-element elementor-element-dbd03fd e-con-full e-flex e-con e-child\" data-id=\"dbd03fd\" data-element_type=\"container\" data-e-type=\"container\">\n\t\t<div class=\"elementor-element elementor-element-081cc15 e-con-full e-flex e-con e-child\" data-id=\"081cc15\" data-element_type=\"container\" data-e-type=\"container\">\n\t\t\t\t<div class=\"elementor-element elementor-element-c26e002 elementor-widget elementor-widget-image\" data-id=\"c26e002\" data-element_type=\"widget\" data-e-type=\"widget\" data-widget_type=\"image.default\">\n\t\t\t\t<div class=\"elementor-widget-container\">\n\t\t\t\t\t\t\t\t\t\t\t\t\t\t\t<img loading=\"lazy\" decoding=\"async\" width=\"800\" height=\"672\" src=\"https:\/\/ztp-elektrotechnik.de\/wp-content\/uploads\/2024\/09\/24-e1725189066883-1024x860.jpg\" class=\"elementor-animation-hang attachment-large size-large wp-image-785\" alt=\"\" srcset=\"https:\/\/ztp-elektrotechnik.de\/wp-content\/uploads\/2024\/09\/24-e1725189066883-1024x860.jpg 1024w, https:\/\/ztp-elektrotechnik.de\/wp-content\/uploads\/2024\/09\/24-e1725189066883-300x252.jpg 300w, https:\/\/ztp-elektrotechnik.de\/wp-content\/uploads\/2024\/09\/24-e1725189066883-768x645.jpg 768w, https:\/\/ztp-elektrotechnik.de\/wp-content\/uploads\/2024\/09\/24-e1725189066883-14x12.jpg 14w, https:\/\/ztp-elektrotechnik.de\/wp-content\/uploads\/2024\/09\/24-e1725189066883.jpg 1269w\" sizes=\"(max-width: 800px) 100vw, 800px\" \/>\t\t\t\t\t\t\t\t\t\t\t\t\t\t\t<\/div>\n\t\t\t\t<\/div>\n\t\t\t\t<\/div>\n\t\t<div class=\"elementor-element elementor-element-37316df e-con-full e-flex e-con e-child\" data-id=\"37316df\" data-element_type=\"container\" data-e-type=\"container\" data-settings=\"{&quot;background_background&quot;:&quot;classic&quot;}\">\n\t\t\t\t<div class=\"elementor-element elementor-element-84b97ae elementor-widget elementor-widget-heading\" data-id=\"84b97ae\" data-element_type=\"widget\" data-e-type=\"widget\" data-widget_type=\"heading.default\">\n\t\t\t\t<div class=\"elementor-widget-container\">\n\t\t\t\t\t<h3 class=\"elementor-heading-title elementor-size-default\">Comprehensive advice, planning and installation of smoke alarms from your specialist shop<\/h3>\t\t\t\t<\/div>\n\t\t\t\t<\/div>\n\t\t\t\t<div class=\"elementor-element elementor-element-e67e3aa elementor-widget elementor-widget-text-editor\" data-id=\"e67e3aa\" data-element_type=\"widget\" data-e-type=\"widget\" data-widget_type=\"text-editor.default\">\n\t\t\t\t<div class=\"elementor-widget-container\">\n\t\t\t\t\t\t\t\t\t<p>If you want to install a smoke detector, you will find suitable solutions in our specialist shop. We not only offer you high-quality smoke detectors for sale. We are also happy to advise you on the various technologies and the applicable regulations. Of course, we are also happy to ensure that the devices are properly installed.<\/p>\t\t\t\t\t\t\t\t<\/div>\n\t\t\t\t<\/div>\n\t\t\t\t<\/div>\n\t\t\t\t<\/div>\n\t\t\t\t<\/div>\n\t\t\t\t\t<\/div>\n\t\t\t\t<\/div>\n\t\t\t\t<\/div>","protected":false},"excerpt":{"rendered":"<p>Rauchwarnmelder: mehr Sicherheit in Ihrem Zuhause Um eine hohe Sicherheit in Ihrem Zuhause zu gew\u00e4hrleisten, ist ein Rauchwarnmelder unverzichtbar. Damit sch\u00fctzen Sie nicht nur die Bewohner des Hauses. Dar\u00fcber hinaus gibt es hierzu genaue gesetzliche Vorschriften, die Sie unbedingt beachten sollten. Rauchmelder leisten einen wichtigen Beitrag zum Brandschutz Eine der gr\u00f6\u00dften Gefahren bei einem Wohnungsbrand [&hellip;]<\/p>\n","protected":false},"author":1,"featured_media":224,"parent":113,"menu_order":0,"comment_status":"closed","ping_status":"closed","template":"","meta":{"footnotes":""},"class_list":["post-128","page","type-page","status-publish","has-post-thumbnail","hentry"],"_links":{"self":[{"href":"https:\/\/ztp-elektrotechnik.de\/en\/wp-json\/wp\/v2\/pages\/128","targetHints":{"allow":["GET"]}}],"collection":[{"href":"https:\/\/ztp-elektrotechnik.de\/en\/wp-json\/wp\/v2\/pages"}],"about":[{"href":"https:\/\/ztp-elektrotechnik.de\/en\/wp-json\/wp\/v2\/types\/page"}],"author":[{"embeddable":true,"href":"https:\/\/ztp-elektrotechnik.de\/en\/wp-json\/wp\/v2\/users\/1"}],"replies":[{"embeddable":true,"href":"https:\/\/ztp-elektrotechnik.de\/en\/wp-json\/wp\/v2\/comments?post=128"}],"version-history":[{"count":0,"href":"https:\/\/ztp-elektrotechnik.de\/en\/wp-json\/wp\/v2\/pages\/128\/revisions"}],"up":[{"embeddable":true,"href":"https:\/\/ztp-elektrotechnik.de\/en\/wp-json\/wp\/v2\/pages\/113"}],"wp:featuredmedia":[{"embeddable":true,"href":"https:\/\/ztp-elektrotechnik.de\/en\/wp-json\/wp\/v2\/media\/224"}],"wp:attachment":[{"href":"https:\/\/ztp-elektrotechnik.de\/en\/wp-json\/wp\/v2\/media?parent=128"}],"curies":[{"name":"wp","href":"https:\/\/api.w.org\/{rel}","templated":true}]}}